{"id":123,"date":"2022-11-22T07:36:45","date_gmt":"2022-11-22T06:36:45","guid":{"rendered":"http:\/\/hadi-gmbh.net\/?page_id=123"},"modified":"2022-12-08T11:23:34","modified_gmt":"2022-12-08T10:23:34","slug":"123-2","status":"publish","type":"page","link":"http:\/\/hadi-gmbh.net\/","title":{"rendered":"Firmenauftritt"},"content":{"rendered":"\t\t<div data-elementor-type=\"wp-page\" data-elementor-id=\"123\" class=\"elementor elementor-123\">\n\t\t\t\t\t\t\t\t\t<section class=\"elementor-section elementor-top-section elementor-element elementor-element-2d5b55e3 elementor-section-boxed elementor-section-height-default elementor-section-height-default\" data-id=\"2d5b55e3\" data-element_type=\"section\">\n\t\t\t\t\t\t<div class=\"elementor-container elementor-column-gap-default\">\n\t\t\t\t\t<div class=\"elementor-column elementor-col-100 elementor-top-column elementor-element elementor-element-33f27e71\" data-id=\"33f27e71\" data-element_type=\"column\">\n\t\t\t<div class=\"elementor-widget-wrap elementor-element-populated\">\n\t\t\t\t\t\t\t\t<div class=\"elementor-element elementor-element-1409029 elementor-widget elementor-widget-text-editor\" data-id=\"1409029\" data-element_type=\"widget\" data-widget_type=\"text-editor.default\">\n\t\t\t\t<div class=\"elementor-widget-container\">\n\t\t\t<style>\/*! elementor - v3.8.0 - 30-10-2022 *\/\n.elementor-widget-text-editor.elementor-drop-cap-view-stacked .elementor-drop-cap{background-color:#818a91;color:#fff}.elementor-widget-text-editor.elementor-drop-cap-view-framed .elementor-drop-cap{color:#818a91;border:3px solid;background-color:transparent}.elementor-widget-text-editor:not(.elementor-drop-cap-view-default) .elementor-drop-cap{margin-top:8px}.elementor-widget-text-editor:not(.elementor-drop-cap-view-default) .elementor-drop-cap-letter{width:1em;height:1em}.elementor-widget-text-editor .elementor-drop-cap{float:left;text-align:center;line-height:1;font-size:50px}.elementor-widget-text-editor .elementor-drop-cap-letter{display:inline-block}<\/style>\t\t\t\t<h1 style=\"margin-bottom: 0.5rem; font-family: NexaLight, sans-serif; font-weight: normal; line-height: 1.2; color: #212529; font-size: 2.5rem; text-align: center;\">Die Dittmann Firmengruppe\u00a0<\/h1>\n<h1 style=\"margin-bottom: 0.5rem; font-family: NexaLight, sans-serif; font-weight: normal; line-height: 1.2; color: #212529; font-size: 2.5rem; text-align: center;\">Ihr Partner f\u00fcr\u00a0<\/h1>\n<h2 style=\"margin-bottom: 0.5rem; font-family: NexaLight, sans-serif; line-height: 1.2; color: #212529; font-size: 2.5rem; text-align: center;\">Sport &#8211; Medizin &#8211; Gesundheit &#8211; Wohlbefinden<\/h2>\n<p style=\"margin-bottom: 1rem; font-weight: bold; font-size: 1.2rem; color: #212529; font-family: Nexa, sans-serif; text-align: center;\">\u00a0<\/p>\t\t\t\t\t\t<\/div>\n\t\t\t\t<\/div>\n\t\t\t\t\t<\/div>\n\t\t<\/div>\n\t\t\t\t\t\t\t<\/div>\n\t\t<\/section>\n\t\t\t\t<section class=\"elementor-section elementor-top-section elementor-element elementor-element-40ac4d5 elementor-section-boxed elementor-section-height-default elementor-section-height-default\" data-id=\"40ac4d5\" data-element_type=\"section\">\n\t\t\t\t\t\t<div class=\"elementor-container elementor-column-gap-default\">\n\t\t\t\t\t<div class=\"elementor-column elementor-col-100 elementor-top-column elementor-element elementor-element-04ce84a\" data-id=\"04ce84a\" data-element_type=\"column\">\n\t\t\t<div class=\"elementor-widget-wrap elementor-element-populated\">\n\t\t\t\t\t\t\t\t<div class=\"elementor-element elementor-element-c04ee91 elementor-widget-divider--view-line elementor-widget elementor-widget-divider\" data-id=\"c04ee91\" data-element_type=\"widget\" data-widget_type=\"divider.default\">\n\t\t\t\t<div class=\"elementor-widget-container\">\n\t\t\t<style>\/*! elementor - v3.8.0 - 30-10-2022 *\/\n.elementor-widget-divider{--divider-border-style:none;--divider-border-width:1px;--divider-color:#2c2c2c;--divider-icon-size:20px;--divider-element-spacing:10px;--divider-pattern-height:24px;--divider-pattern-size:20px;--divider-pattern-url:none;--divider-pattern-repeat:repeat-x}.elementor-widget-divider .elementor-divider{display:-webkit-box;display:-ms-flexbox;display:flex}.elementor-widget-divider .elementor-divider__text{font-size:15px;line-height:1;max-width:95%}.elementor-widget-divider .elementor-divider__element{margin:0 var(--divider-element-spacing);-ms-flex-negative:0;flex-shrink:0}.elementor-widget-divider .elementor-icon{font-size:var(--divider-icon-size)}.elementor-widget-divider .elementor-divider-separator{display:-webkit-box;display:-ms-flexbox;display:flex;margin:0;direction:ltr}.elementor-widget-divider--view-line_icon .elementor-divider-separator,.elementor-widget-divider--view-line_text .elementor-divider-separator{-webkit-box-align:center;-ms-flex-align:center;align-items:center}.elementor-widget-divider--view-line_icon .elementor-divider-separator:after,.elementor-widget-divider--view-line_icon .elementor-divider-separator:before,.elementor-widget-divider--view-line_text .elementor-divider-separator:after,.elementor-widget-divider--view-line_text .elementor-divider-separator:before{display:block;content:\"\";border-bottom:0;-webkit-box-flex:1;-ms-flex-positive:1;flex-grow:1;border-top:var(--divider-border-width) var(--divider-border-style) var(--divider-color)}.elementor-widget-divider--element-align-left .elementor-divider .elementor-divider-separator>.elementor-divider__svg:first-of-type{-webkit-box-flex:0;-ms-flex-positive:0;flex-grow:0;-ms-flex-negative:100;flex-shrink:100}.elementor-widget-divider--element-align-left .elementor-divider-separator:before{content:none}.elementor-widget-divider--element-align-left .elementor-divider__element{margin-left:0}.elementor-widget-divider--element-align-right .elementor-divider .elementor-divider-separator>.elementor-divider__svg:last-of-type{-webkit-box-flex:0;-ms-flex-positive:0;flex-grow:0;-ms-flex-negative:100;flex-shrink:100}.elementor-widget-divider--element-align-right .elementor-divider-separator:after{content:none}.elementor-widget-divider--element-align-right .elementor-divider__element{margin-right:0}.elementor-widget-divider:not(.elementor-widget-divider--view-line_text):not(.elementor-widget-divider--view-line_icon) .elementor-divider-separator{border-top:var(--divider-border-width) var(--divider-border-style) var(--divider-color)}.elementor-widget-divider--separator-type-pattern{--divider-border-style:none}.elementor-widget-divider--separator-type-pattern.elementor-widget-divider--view-line .elementor-divider-separator,.elementor-widget-divider--separator-type-pattern:not(.elementor-widget-divider--view-line) .elementor-divider-separator:after,.elementor-widget-divider--separator-type-pattern:not(.elementor-widget-divider--view-line) .elementor-divider-separator:before,.elementor-widget-divider--separator-type-pattern:not([class*=elementor-widget-divider--view]) .elementor-divider-separator{width:100%;min-height:var(--divider-pattern-height);-webkit-mask-size:var(--divider-pattern-size) 100%;mask-size:var(--divider-pattern-size) 100%;-webkit-mask-repeat:var(--divider-pattern-repeat);mask-repeat:var(--divider-pattern-repeat);background-color:var(--divider-color);-webkit-mask-image:var(--divider-pattern-url);mask-image:var(--divider-pattern-url)}.elementor-widget-divider--no-spacing{--divider-pattern-size:auto}.elementor-widget-divider--bg-round{--divider-pattern-repeat:round}.rtl .elementor-widget-divider .elementor-divider__text{direction:rtl}.e-con-inner>.elementor-widget-divider,.e-con>.elementor-widget-divider{width:var(--container-widget-width,100%)}<\/style>\t\t<div class=\"elementor-divider\">\n\t\t\t<span class=\"elementor-divider-separator\">\n\t\t\t\t\t\t<\/span>\n\t\t<\/div>\n\t\t\t\t<\/div>\n\t\t\t\t<\/div>\n\t\t\t\t\t<\/div>\n\t\t<\/div>\n\t\t\t\t\t\t\t<\/div>\n\t\t<\/section>\n\t\t\t\t<section class=\"elementor-section elementor-top-section elementor-element elementor-element-9b9d6d4 elementor-section-boxed elementor-section-height-default elementor-section-height-default\" data-id=\"9b9d6d4\" data-element_type=\"section\">\n\t\t\t\t\t\t<div class=\"elementor-container elementor-column-gap-default\">\n\t\t\t\t\t<div class=\"elementor-column elementor-col-100 elementor-top-column elementor-element elementor-element-7f7826a\" data-id=\"7f7826a\" data-element_type=\"column\">\n\t\t\t<div class=\"elementor-widget-wrap elementor-element-populated\">\n\t\t\t\t\t\t\t\t<div class=\"elementor-element elementor-element-e67f3b9 elementor-widget elementor-widget-image\" data-id=\"e67f3b9\" data-element_type=\"widget\" data-widget_type=\"image.default\">\n\t\t\t\t<div class=\"elementor-widget-container\">\n\t\t\t<style>\/*! elementor - v3.8.0 - 30-10-2022 *\/\n.elementor-widget-image{text-align:center}.elementor-widget-image a{display:inline-block}.elementor-widget-image a img[src$=\".svg\"]{width:48px}.elementor-widget-image img{vertical-align:middle;display:inline-block}<\/style>\t\t\t\t\t\t\t\t\t\t\t\t<img width=\"925\" height=\"289\" src=\"http:\/\/hadi-gmbh.net\/wp-content\/uploads\/2022\/12\/Start_Luftaufnahme_P1020953_bearbeitet-Kopie.jpg\" class=\"attachment-large size-large\" alt=\"\" loading=\"lazy\" \/>\t\t\t\t\t\t\t\t\t\t\t\t\t\t\t<\/div>\n\t\t\t\t<\/div>\n\t\t\t\t\t<\/div>\n\t\t<\/div>\n\t\t\t\t\t\t\t<\/div>\n\t\t<\/section>\n\t\t\t\t<section class=\"elementor-section elementor-top-section elementor-element elementor-element-c745702 elementor-section-boxed elementor-section-height-default elementor-section-height-default\" data-id=\"c745702\" data-element_type=\"section\">\n\t\t\t\t\t\t<div class=\"elementor-container elementor-column-gap-default\">\n\t\t\t\t\t<div class=\"elementor-column elementor-col-100 elementor-top-column elementor-element elementor-element-82f7a08\" data-id=\"82f7a08\" data-element_type=\"column\">\n\t\t\t<div class=\"elementor-widget-wrap elementor-element-populated\">\n\t\t\t\t\t\t\t\t<div class=\"elementor-element elementor-element-e9d1176 elementor-widget elementor-widget-text-editor\" data-id=\"e9d1176\" data-element_type=\"widget\" data-widget_type=\"text-editor.default\">\n\t\t\t\t<div class=\"elementor-widget-container\">\n\t\t\t\t\t\t\t<h6>Willkommen im Hause Dittmann &#8211; wir freuen uns, Sie auf unserer Seite begr\u00fc\u00dfen zu d\u00fcrfen.\u00a0<\/h6><p>Gesundheit ist uns wichtig, deshalb haben wir verschiedene Tochterfirmen gegr\u00fcndet um eine Vielzahl an Produktbereichen abdecken zu k\u00f6nnen.\u00a0<\/p><p>Lassen Sie sich von unserem Sortiment inspirieren und genie\u00dfen Sie pure Lebensfreude mit Dittmann.<span style=\"color: #666666; font-family: Montserrat; font-weight: var( --e-global-typography-text-font-weight );\">\u00a0<\/span><\/p>\t\t\t\t\t\t<\/div>\n\t\t\t\t<\/div>\n\t\t\t\t\t<\/div>\n\t\t<\/div>\n\t\t\t\t\t\t\t<\/div>\n\t\t<\/section>\n\t\t\t\t<section class=\"elementor-section elementor-top-section elementor-element elementor-element-0a7248e elementor-section-boxed elementor-section-height-default elementor-section-height-default\" data-id=\"0a7248e\" data-element_type=\"section\">\n\t\t\t\t\t\t<div class=\"elementor-container elementor-column-gap-default\">\n\t\t\t\t\t<div class=\"elementor-column elementor-col-100 elementor-top-column elementor-element elementor-element-bcb7b9c\" data-id=\"bcb7b9c\" data-element_type=\"column\">\n\t\t\t<div class=\"elementor-widget-wrap elementor-element-populated\">\n\t\t\t\t\t\t\t\t<div class=\"elementor-element elementor-element-d68087b elementor-widget-divider--view-line elementor-widget elementor-widget-divider\" data-id=\"d68087b\" data-element_type=\"widget\" data-widget_type=\"divider.default\">\n\t\t\t\t<div class=\"elementor-widget-container\">\n\t\t\t\t\t<div class=\"elementor-divider\">\n\t\t\t<span class=\"elementor-divider-separator\">\n\t\t\t\t\t\t<\/span>\n\t\t<\/div>\n\t\t\t\t<\/div>\n\t\t\t\t<\/div>\n\t\t\t\t\t<\/div>\n\t\t<\/div>\n\t\t\t\t\t\t\t<\/div>\n\t\t<\/section>\n\t\t\t\t<section class=\"elementor-section elementor-top-section elementor-element elementor-element-42a5926 elementor-section-boxed elementor-section-height-default elementor-section-height-default\" data-id=\"42a5926\" data-element_type=\"section\">\n\t\t\t\t\t\t<div class=\"elementor-container elementor-column-gap-default\">\n\t\t\t\t\t<div class=\"elementor-column elementor-col-50 elementor-top-column elementor-element elementor-element-1ec56b4\" data-id=\"1ec56b4\" data-element_type=\"column\">\n\t\t\t<div class=\"elementor-widget-wrap elementor-element-populated\">\n\t\t\t\t\t\t\t\t<div class=\"elementor-element elementor-element-25c7e90 elementor-widget elementor-widget-text-editor\" data-id=\"25c7e90\" data-element_type=\"widget\" data-widget_type=\"text-editor.default\">\n\t\t\t\t<div class=\"elementor-widget-container\">\n\t\t\t\t\t\t\t<p><strong><span style=\"color: #666666; font-family: Montserrat;\">Handelshaus Dittmann International GmbH<\/span><\/strong><\/p>\t\t\t\t\t\t<\/div>\n\t\t\t\t<\/div>\n\t\t\t\t<div class=\"elementor-element elementor-element-a7cce8a elementor-widget elementor-widget-image\" data-id=\"a7cce8a\" data-element_type=\"widget\" data-widget_type=\"image.default\">\n\t\t\t\t<div class=\"elementor-widget-container\">\n\t\t\t\t\t\t\t\t\t\t\t\t\t\t\t\t<a href=\"http:\/\/hadi-gmbh.net\">\n\t\t\t\t\t\t\t<img width=\"925\" height=\"925\" src=\"http:\/\/hadi-gmbh.net\/wp-content\/uploads\/2022\/11\/dittmann-1024x1024-Kopie.jpg\" class=\"elementor-animation-grow attachment-large size-large\" alt=\"\" loading=\"lazy\" \/>\t\t\t\t\t\t\t\t<\/a>\n\t\t\t\t\t\t\t\t\t\t\t\t\t\t\t<\/div>\n\t\t\t\t<\/div>\n\t\t\t\t<div class=\"elementor-element elementor-element-78b03f1 elementor-widget elementor-widget-text-editor\" data-id=\"78b03f1\" data-element_type=\"widget\" data-widget_type=\"text-editor.default\">\n\t\t\t\t<div class=\"elementor-widget-container\">\n\t\t\t\t\t\t\t<p>Die Firma Dittmann International GmbH gilt innerhalb der Unternehmensgruppe als Spezialist f\u00fcr die Produktion und Beschaffung hochwertiger Sport-, Fitness- und aller Artikel rund um das Thema Gesundheit.<\/p>\t\t\t\t\t\t<\/div>\n\t\t\t\t<\/div>\n\t\t\t\t\t<\/div>\n\t\t<\/div>\n\t\t\t\t<div class=\"elementor-column elementor-col-50 elementor-top-column elementor-element elementor-element-e7589e0\" data-id=\"e7589e0\" data-element_type=\"column\">\n\t\t\t<div class=\"elementor-widget-wrap elementor-element-populated\">\n\t\t\t\t\t\t\t\t<div class=\"elementor-element elementor-element-1178d1f elementor-widget elementor-widget-text-editor\" data-id=\"1178d1f\" data-element_type=\"widget\" data-widget_type=\"text-editor.default\">\n\t\t\t\t<div class=\"elementor-widget-container\">\n\t\t\t\t\t\t\t<p><strong><span style=\"color: #666666; font-family: Montserrat;\">Handelshaus Dittmann GmbH<\/span><\/strong><\/p>\t\t\t\t\t\t<\/div>\n\t\t\t\t<\/div>\n\t\t\t\t<div class=\"elementor-element elementor-element-75bd0ba elementor-widget elementor-widget-image\" data-id=\"75bd0ba\" data-element_type=\"widget\" data-widget_type=\"image.default\">\n\t\t\t\t<div class=\"elementor-widget-container\">\n\t\t\t\t\t\t\t\t\t\t\t\t\t\t\t\t<a href=\"http:\/\/dittmann-gmbh.com\">\n\t\t\t\t\t\t\t<img width=\"925\" height=\"925\" src=\"http:\/\/hadi-gmbh.net\/wp-content\/uploads\/2022\/11\/dittmann.sale-1024x1024-Kopie.jpg\" class=\"elementor-animation-grow attachment-large size-large\" alt=\"\" loading=\"lazy\" \/>\t\t\t\t\t\t\t\t<\/a>\n\t\t\t\t\t\t\t\t\t\t\t\t\t\t\t<\/div>\n\t\t\t\t<\/div>\n\t\t\t\t<div class=\"elementor-element elementor-element-5e66bc7 elementor-widget elementor-widget-text-editor\" data-id=\"5e66bc7\" data-element_type=\"widget\" data-widget_type=\"text-editor.default\">\n\t\t\t\t<div class=\"elementor-widget-container\">\n\t\t\t\t\t\t\t<p>Die Firma Handelshaus Dittmann GmbH agiert weltweit als Produktions- und Vertriebsfirma.<\/p><p style=\"margin: 20px 0px; color: #525252; font-family: Lato;\"><span style=\"color: #808080;\">Zu ihrer Kundenklientel z\u00e4hlen viele namhafte europ\u00e4ische Discounter und Gro\u00dfh\u00e4ndler. Als renommiertes Handelshaus ist Dittmann GmbH mit langj\u00e4hrigen Erfahrungen im asiatischen Importgesch\u00e4ft ein leistungsstarker Partner f\u00fcr viele Unternehmen in Europa.<\/span><\/p>\t\t\t\t\t\t<\/div>\n\t\t\t\t<\/div>\n\t\t\t\t\t<\/div>\n\t\t<\/div>\n\t\t\t\t\t\t\t<\/div>\n\t\t<\/section>\n\t\t\t\t<section class=\"elementor-section elementor-top-section elementor-element elementor-element-00821e6 elementor-section-boxed elementor-section-height-default elementor-section-height-default\" data-id=\"00821e6\" data-element_type=\"section\">\n\t\t\t\t\t\t<div class=\"elementor-container elementor-column-gap-default\">\n\t\t\t\t\t<div class=\"elementor-column elementor-col-100 elementor-top-column elementor-element elementor-element-0def9eb\" data-id=\"0def9eb\" data-element_type=\"column\">\n\t\t\t<div class=\"elementor-widget-wrap elementor-element-populated\">\n\t\t\t\t\t\t\t\t<div class=\"elementor-element elementor-element-eb3cc01 elementor-widget-divider--view-line elementor-widget elementor-widget-divider\" data-id=\"eb3cc01\" data-element_type=\"widget\" data-widget_type=\"divider.default\">\n\t\t\t\t<div class=\"elementor-widget-container\">\n\t\t\t\t\t<div class=\"elementor-divider\">\n\t\t\t<span class=\"elementor-divider-separator\">\n\t\t\t\t\t\t<\/span>\n\t\t<\/div>\n\t\t\t\t<\/div>\n\t\t\t\t<\/div>\n\t\t\t\t\t<\/div>\n\t\t<\/div>\n\t\t\t\t\t\t\t<\/div>\n\t\t<\/section>\n\t\t\t\t<section class=\"elementor-section elementor-top-section elementor-element elementor-element-4c44320 elementor-section-boxed elementor-section-height-default elementor-section-height-default\" data-id=\"4c44320\" data-element_type=\"section\">\n\t\t\t\t\t\t<div class=\"elementor-container elementor-column-gap-default\">\n\t\t\t\t\t<div class=\"elementor-column elementor-col-50 elementor-top-column elementor-element elementor-element-dcb1115\" data-id=\"dcb1115\" data-element_type=\"column\">\n\t\t\t<div class=\"elementor-widget-wrap elementor-element-populated\">\n\t\t\t\t\t\t\t\t<div class=\"elementor-element elementor-element-f45b246 elementor-widget elementor-widget-text-editor\" data-id=\"f45b246\" data-element_type=\"widget\" data-widget_type=\"text-editor.default\">\n\t\t\t\t<div class=\"elementor-widget-container\">\n\t\t\t\t\t\t\t<p>Entdecken Sie auch unsere Tochterfirma Dittmann Frostschutz. <span style=\"text-decoration: underline;\">Hier<\/span> finden Sie alles, damit Ihre Pflanzen den Winter gut gesch\u00fctzt \u00fcberstehen.\u00a0<\/p>\t\t\t\t\t\t<\/div>\n\t\t\t\t<\/div>\n\t\t\t\t\t<\/div>\n\t\t<\/div>\n\t\t\t\t<div class=\"elementor-column elementor-col-50 elementor-top-column elementor-element elementor-element-4d402dc\" data-id=\"4d402dc\" data-element_type=\"column\">\n\t\t\t<div class=\"elementor-widget-wrap elementor-element-populated\">\n\t\t\t\t\t\t\t\t<div class=\"elementor-element elementor-element-0ed6f1e elementor-widget elementor-widget-image\" data-id=\"0ed6f1e\" data-element_type=\"widget\" data-widget_type=\"image.default\">\n\t\t\t\t<div class=\"elementor-widget-container\">\n\t\t\t\t\t\t\t\t\t\t\t\t<figure class=\"wp-caption\">\n\t\t\t\t\t\t\t\t\t\t\t<a href=\"https:\/\/dittmann-frostschutz.com\/de\/\">\n\t\t\t\t\t\t\t<img width=\"925\" height=\"925\" src=\"http:\/\/hadi-gmbh.net\/wp-content\/uploads\/2022\/11\/frostschutz-1024x1024_3-Kopie.jpg\" class=\"elementor-animation-grow attachment-large size-large\" alt=\"\" loading=\"lazy\" \/>\t\t\t\t\t\t\t\t<\/a>\n\t\t\t\t\t\t\t\t\t\t\t<figcaption class=\"widget-image-caption wp-caption-text\"><\/figcaption>\n\t\t\t\t\t\t\t\t\t\t<\/figure>\n\t\t\t\t\t\t\t\t\t<\/div>\n\t\t\t\t<\/div>\n\t\t\t\t\t<\/div>\n\t\t<\/div>\n\t\t\t\t\t\t\t<\/div>\n\t\t<\/section>\n\t\t\t\t\t\t\t<\/div>\n\t\t","protected":false},"excerpt":{"rendered":"<p>Die Dittmann Firmengruppe\u00a0 Ihr Partner f\u00fcr\u00a0 Sport &#8211; Medizin &#8211; Gesundheit &#8211; Wohlbefinden \u00a0 Willkommen im Hause Dittmann &#8211; wir freuen uns, Sie auf unserer Seite begr\u00fc\u00dfen zu d\u00fcrfen.\u00a0 Gesundheit ist uns wichtig, deshalb haben wir verschiedene Tochterfirmen gegr\u00fcndet um eine Vielzahl an Produktbereichen abdecken zu k\u00f6nnen.\u00a0 Lassen Sie sich von unserem Sortiment inspirieren und &hellip; <\/p>\n","protected":false},"author":1,"featured_media":0,"parent":0,"menu_order":0,"comment_status":"closed","ping_status":"closed","template":"","meta":[],"yoast_head":"<!-- This site is optimized with the Yoast SEO plugin v19.9 - https:\/\/yoast.com\/wordpress\/plugins\/seo\/ -->\r\n<title>Firmenauftritt -<\/title>\r\n<meta name=\"robots\" content=\"index, follow, max-snippet:-1, max-image-preview:large, max-video-preview:-1\" \/>\r\n<link rel=\"canonical\" href=\"http:\/\/hadi-gmbh.net\/\" \/>\r\n<meta property=\"og:locale\" content=\"de_DE\" \/>\r\n<meta property=\"og:type\" content=\"article\" \/>\r\n<meta property=\"og:title\" content=\"Firmenauftritt -\" \/>\r\n<meta property=\"og:description\" content=\"Die Dittmann Firmengruppe\u00a0 Ihr Partner f\u00fcr\u00a0 Sport &#8211; Medizin &#8211; Gesundheit &#8211; Wohlbefinden \u00a0 Willkommen im Hause Dittmann &#8211; wir freuen uns, Sie auf unserer Seite begr\u00fc\u00dfen zu d\u00fcrfen.\u00a0 Gesundheit ist uns wichtig, deshalb haben wir verschiedene Tochterfirmen gegr\u00fcndet um eine Vielzahl an Produktbereichen abdecken zu k\u00f6nnen.\u00a0 Lassen Sie sich von unserem Sortiment inspirieren und &hellip;\" \/>\r\n<meta property=\"og:url\" content=\"http:\/\/hadi-gmbh.net\/\" \/>\r\n<meta property=\"article:modified_time\" content=\"2022-12-08T10:23:34+00:00\" \/>\r\n<meta property=\"og:image\" content=\"http:\/\/hadi-gmbh.net\/wp-content\/uploads\/2022\/12\/Start_Luftaufnahme_P1020953_bearbeitet-Kopie.jpg\" \/>\r\n<meta name=\"twitter:card\" content=\"summary_large_image\" \/>\r\n<meta name=\"twitter:label1\" content=\"Gesch\u00e4tzte Lesezeit\" \/>\n\t<meta name=\"twitter:data1\" content=\"2 Minuten\" \/>\r\n<script type=\"application\/ld+json\" class=\"yoast-schema-graph\">{\"@context\":\"https:\/\/schema.org\",\"@graph\":[{\"@type\":\"WebPage\",\"@id\":\"http:\/\/hadi-gmbh.net\/\",\"url\":\"http:\/\/hadi-gmbh.net\/\",\"name\":\"Firmenauftritt -\",\"isPartOf\":{\"@id\":\"http:\/\/hadi-gmbh.net\/#website\"},\"datePublished\":\"2022-11-22T06:36:45+00:00\",\"dateModified\":\"2022-12-08T10:23:34+00:00\",\"breadcrumb\":{\"@id\":\"http:\/\/hadi-gmbh.net\/#breadcrumb\"},\"inLanguage\":\"de-DE\",\"potentialAction\":[{\"@type\":\"ReadAction\",\"target\":[\"http:\/\/hadi-gmbh.net\/\"]}]},{\"@type\":\"BreadcrumbList\",\"@id\":\"http:\/\/hadi-gmbh.net\/#breadcrumb\",\"itemListElement\":[{\"@type\":\"ListItem\",\"position\":1,\"name\":\"Startseite\",\"item\":\"http:\/\/hadi-gmbh.net\/\"},{\"@type\":\"ListItem\",\"position\":2,\"name\":\"Firmenauftritt\"}]},{\"@type\":\"WebSite\",\"@id\":\"http:\/\/hadi-gmbh.net\/#website\",\"url\":\"http:\/\/hadi-gmbh.net\/\",\"name\":\"\",\"description\":\"\",\"potentialAction\":[{\"@type\":\"SearchAction\",\"target\":{\"@type\":\"EntryPoint\",\"urlTemplate\":\"http:\/\/hadi-gmbh.net\/?s={search_term_string}\"},\"query-input\":\"required name=search_term_string\"}],\"inLanguage\":\"de-DE\"}]}<\/script>\r\n<!-- \/ Yoast SEO plugin. -->","yoast_head_json":{"title":"Firmenauftritt -","robots":{"index":"index","follow":"follow","max-snippet":"max-snippet:-1","max-image-preview":"max-image-preview:large","max-video-preview":"max-video-preview:-1"},"canonical":"http:\/\/hadi-gmbh.net\/","og_locale":"de_DE","og_type":"article","og_title":"Firmenauftritt -","og_description":"Die Dittmann Firmengruppe\u00a0 Ihr Partner f\u00fcr\u00a0 Sport &#8211; Medizin &#8211; Gesundheit &#8211; Wohlbefinden \u00a0 Willkommen im Hause Dittmann &#8211; wir freuen uns, Sie auf unserer Seite begr\u00fc\u00dfen zu d\u00fcrfen.\u00a0 Gesundheit ist uns wichtig, deshalb haben wir verschiedene Tochterfirmen gegr\u00fcndet um eine Vielzahl an Produktbereichen abdecken zu k\u00f6nnen.\u00a0 Lassen Sie sich von unserem Sortiment inspirieren und &hellip;","og_url":"http:\/\/hadi-gmbh.net\/","article_modified_time":"2022-12-08T10:23:34+00:00","og_image":[{"url":"http:\/\/hadi-gmbh.net\/wp-content\/uploads\/2022\/12\/Start_Luftaufnahme_P1020953_bearbeitet-Kopie.jpg"}],"twitter_card":"summary_large_image","twitter_misc":{"Gesch\u00e4tzte Lesezeit":"2 Minuten"},"schema":{"@context":"https:\/\/schema.org","@graph":[{"@type":"WebPage","@id":"http:\/\/hadi-gmbh.net\/","url":"http:\/\/hadi-gmbh.net\/","name":"Firmenauftritt -","isPartOf":{"@id":"http:\/\/hadi-gmbh.net\/#website"},"datePublished":"2022-11-22T06:36:45+00:00","dateModified":"2022-12-08T10:23:34+00:00","breadcrumb":{"@id":"http:\/\/hadi-gmbh.net\/#breadcrumb"},"inLanguage":"de-DE","potentialAction":[{"@type":"ReadAction","target":["http:\/\/hadi-gmbh.net\/"]}]},{"@type":"BreadcrumbList","@id":"http:\/\/hadi-gmbh.net\/#breadcrumb","itemListElement":[{"@type":"ListItem","position":1,"name":"Startseite","item":"http:\/\/hadi-gmbh.net\/"},{"@type":"ListItem","position":2,"name":"Firmenauftritt"}]},{"@type":"WebSite","@id":"http:\/\/hadi-gmbh.net\/#website","url":"http:\/\/hadi-gmbh.net\/","name":"","description":"","potentialAction":[{"@type":"SearchAction","target":{"@type":"EntryPoint","urlTemplate":"http:\/\/hadi-gmbh.net\/?s={search_term_string}"},"query-input":"required name=search_term_string"}],"inLanguage":"de-DE"}]}},"_links":{"self":[{"href":"http:\/\/hadi-gmbh.net\/index.php\/wp-json\/wp\/v2\/pages\/123"}],"collection":[{"href":"http:\/\/hadi-gmbh.net\/index.php\/wp-json\/wp\/v2\/pages"}],"about":[{"href":"http:\/\/hadi-gmbh.net\/index.php\/wp-json\/wp\/v2\/types\/page"}],"author":[{"embeddable":true,"href":"http:\/\/hadi-gmbh.net\/index.php\/wp-json\/wp\/v2\/users\/1"}],"replies":[{"embeddable":true,"href":"http:\/\/hadi-gmbh.net\/index.php\/wp-json\/wp\/v2\/comments?post=123"}],"version-history":[{"count":36,"href":"http:\/\/hadi-gmbh.net\/index.php\/wp-json\/wp\/v2\/pages\/123\/revisions"}],"predecessor-version":[{"id":750,"href":"http:\/\/hadi-gmbh.net\/index.php\/wp-json\/wp\/v2\/pages\/123\/revisions\/750"}],"wp:attachment":[{"href":"http:\/\/hadi-gmbh.net\/index.php\/wp-json\/wp\/v2\/media?parent=123"}],"curies":[{"name":"wp","href":"https:\/\/api.w.org\/{rel}","templated":true}]}}