{"id":148,"date":"2022-11-22T08:04:14","date_gmt":"2022-11-22T07:04:14","guid":{"rendered":"http:\/\/hadi-gmbh.net\/?page_id=148"},"modified":"2022-11-22T10:20:03","modified_gmt":"2022-11-22T09:20:03","slug":"dittmann-d-tape-5m-rolle","status":"publish","type":"page","link":"http:\/\/hadi-gmbh.net\/index.php\/dittmann-d-tape-5m-rolle\/","title":{"rendered":"Dittmann D-Tape 5m Rolle"},"content":{"rendered":"\t\t<div data-elementor-type=\"wp-page\" data-elementor-id=\"148\" class=\"elementor elementor-148\">\n\t\t\t\t\t\t\t\t\t<section class=\"elementor-section elementor-top-section elementor-element elementor-element-7f31f869 elementor-section-boxed elementor-section-height-default elementor-section-height-default\" data-id=\"7f31f869\" data-element_type=\"section\">\n\t\t\t\t\t\t<div class=\"elementor-container elementor-column-gap-default\">\n\t\t\t\t\t<div class=\"elementor-column elementor-col-100 elementor-top-column elementor-element elementor-element-662fa9c\" data-id=\"662fa9c\" data-element_type=\"column\">\n\t\t\t<div class=\"elementor-widget-wrap elementor-element-populated\">\n\t\t\t\t\t\t\t\t<div class=\"elementor-element elementor-element-2431e85a elementor-widget elementor-widget-text-editor\" data-id=\"2431e85a\" data-element_type=\"widget\" data-widget_type=\"text-editor.default\">\n\t\t\t\t<div class=\"elementor-widget-container\">\n\t\t\t<style>\/*! elementor - v3.8.0 - 30-10-2022 *\/\n.elementor-widget-text-editor.elementor-drop-cap-view-stacked .elementor-drop-cap{background-color:#818a91;color:#fff}.elementor-widget-text-editor.elementor-drop-cap-view-framed .elementor-drop-cap{color:#818a91;border:3px solid;background-color:transparent}.elementor-widget-text-editor:not(.elementor-drop-cap-view-default) .elementor-drop-cap{margin-top:8px}.elementor-widget-text-editor:not(.elementor-drop-cap-view-default) .elementor-drop-cap-letter{width:1em;height:1em}.elementor-widget-text-editor .elementor-drop-cap{float:left;text-align:center;line-height:1;font-size:50px}.elementor-widget-text-editor .elementor-drop-cap-letter{display:inline-block}<\/style>\t\t\t\t<p><!-- wp:paragraph --><\/p>\n<p>Kinesiologie D-Tape als 5-Meter-Vorratsrolle: F\u00fcr Muskulatur und Gelenke ohne Bewegungseinschr\u00e4nkung. Kann zur Aktivierung und Entspannung der Muskulatur beitragen. Atmungsaktiv, luftdurchl\u00e4ssig und wasserbest\u00e4ndig.\u00a0<\/p>\n<p>Material: 90% Baumwolle, 10% Elastan, ohne Latex.\u00a0<\/p>\n<p>Erh\u00e4ltlich in verschiedenen Farben:<\/p>\n<p><!-- \/wp:paragraph --><\/p>\t\t\t\t\t\t<\/div>\n\t\t\t\t<\/div>\n\t\t\t\t\t<\/div>\n\t\t<\/div>\n\t\t\t\t\t\t\t<\/div>\n\t\t<\/section>\n\t\t\t\t<section class=\"elementor-section elementor-top-section elementor-element elementor-element-be42e05 elementor-section-boxed elementor-section-height-default elementor-section-height-default\" data-id=\"be42e05\" data-element_type=\"section\">\n\t\t\t\t\t\t<div class=\"elementor-container elementor-column-gap-default\">\n\t\t\t\t\t<div class=\"elementor-column elementor-col-100 elementor-top-column elementor-element elementor-element-4689f8f\" data-id=\"4689f8f\" data-element_type=\"column\">\n\t\t\t<div class=\"elementor-widget-wrap elementor-element-populated\">\n\t\t\t\t\t\t\t\t<div class=\"elementor-element elementor-element-a5f7fc0 elementor-arrows-position-inside elementor-pagination-position-outside elementor-widget elementor-widget-image-carousel\" data-id=\"a5f7fc0\" data-element_type=\"widget\" data-settings=\"{&quot;navigation&quot;:&quot;both&quot;,&quot;autoplay&quot;:&quot;yes&quot;,&quot;pause_on_hover&quot;:&quot;yes&quot;,&quot;pause_on_interaction&quot;:&quot;yes&quot;,&quot;autoplay_speed&quot;:5000,&quot;infinite&quot;:&quot;yes&quot;,&quot;speed&quot;:500}\" data-widget_type=\"image-carousel.default\">\n\t\t\t\t<div class=\"elementor-widget-container\">\n\t\t\t<style>\/*! elementor - v3.8.0 - 30-10-2022 *\/\n.elementor-widget-image-carousel .swiper-container{position:static}.elementor-widget-image-carousel .swiper-container .swiper-slide figure{line-height:inherit}.elementor-widget-image-carousel .swiper-slide{text-align:center}.elementor-image-carousel-wrapper:not(.swiper-container-initialized) .swiper-slide{max-width:calc(100% \/ var(--e-image-carousel-slides-to-show, 3))}<\/style>\t\t<div class=\"elementor-image-carousel-wrapper swiper-container\" dir=\"ltr\">\n\t\t\t<div class=\"elementor-image-carousel swiper-wrapper\">\n\t\t\t\t\t\t\t\t<div class=\"swiper-slide\"><figure class=\"swiper-slide-inner\"><img class=\"swiper-slide-image\" src=\"http:\/\/hadi-gmbh.net\/wp-content\/uploads\/2022\/11\/rolle-schwarz.jpg\" alt=\"rolle-schwarz\" \/><\/figure><\/div><div class=\"swiper-slide\"><figure class=\"swiper-slide-inner\"><img class=\"swiper-slide-image\" src=\"http:\/\/hadi-gmbh.net\/wp-content\/uploads\/2022\/11\/rolle-pink.jpg\" alt=\"rolle-pink\" \/><\/figure><\/div><div class=\"swiper-slide\"><figure class=\"swiper-slide-inner\"><img class=\"swiper-slide-image\" src=\"http:\/\/hadi-gmbh.net\/wp-content\/uploads\/2022\/11\/rolle-gelb.jpg\" alt=\"rolle-gelb\" \/><\/figure><\/div><div class=\"swiper-slide\"><figure class=\"swiper-slide-inner\"><img class=\"swiper-slide-image\" src=\"http:\/\/hadi-gmbh.net\/wp-content\/uploads\/2022\/11\/rolle-blau.jpg\" alt=\"rolle-blau\" \/><\/figure><\/div><div class=\"swiper-slide\"><figure class=\"swiper-slide-inner\"><img class=\"swiper-slide-image\" src=\"http:\/\/hadi-gmbh.net\/wp-content\/uploads\/2022\/11\/rolle-beige.jpg\" alt=\"rolle-beige\" \/><\/figure><\/div>\t\t\t<\/div>\n\t\t\t\t\t\t\t\t\t\t\t\t<div class=\"swiper-pagination\"><\/div>\n\t\t\t\t\t\t\t\t\t\t\t\t\t<div class=\"elementor-swiper-button elementor-swiper-button-prev\">\n\t\t\t\t\t\t<i aria-hidden=\"true\" class=\"eicon-chevron-left\"><\/i>\t\t\t\t\t\t<span class=\"elementor-screen-only\">Zur\u00fcck<\/span>\n\t\t\t\t\t<\/div>\n\t\t\t\t\t<div class=\"elementor-swiper-button elementor-swiper-button-next\">\n\t\t\t\t\t\t<i aria-hidden=\"true\" class=\"eicon-chevron-right\"><\/i>\t\t\t\t\t\t<span class=\"elementor-screen-only\">Weiter<\/span>\n\t\t\t\t\t<\/div>\n\t\t\t\t\t\t\t\t\t<\/div>\n\t\t\t\t<\/div>\n\t\t\t\t<\/div>\n\t\t\t\t\t<\/div>\n\t\t<\/div>\n\t\t\t\t\t\t\t<\/div>\n\t\t<\/section>\n\t\t\t\t\t\t\t<\/div>\n\t\t","protected":false},"excerpt":{"rendered":"<p>Kinesiologie D-Tape als 5-Meter-Vorratsrolle: F\u00fcr Muskulatur und Gelenke ohne Bewegungseinschr\u00e4nkung. Kann zur Aktivierung und Entspannung der Muskulatur beitragen. Atmungsaktiv, luftdurchl\u00e4ssig und wasserbest\u00e4ndig.\u00a0 Material: 90% Baumwolle, 10% Elastan, ohne Latex.\u00a0 Erh\u00e4ltlich in verschiedenen Farben: Zur\u00fcck Weiter<\/p>\n","protected":false},"author":1,"featured_media":0,"parent":0,"menu_order":0,"comment_status":"closed","ping_status":"closed","template":"","meta":[],"yoast_head":"<!-- This site is optimized with the Yoast SEO plugin v19.9 - https:\/\/yoast.com\/wordpress\/plugins\/seo\/ -->\r\n<title>Dittmann D-Tape 5m Rolle -<\/title>\r\n<meta name=\"robots\" content=\"index, follow, max-snippet:-1, max-image-preview:large, max-video-preview:-1\" \/>\r\n<link rel=\"canonical\" href=\"http:\/\/hadi-gmbh.net\/index.php\/dittmann-d-tape-5m-rolle\/\" \/>\r\n<meta property=\"og:locale\" content=\"de_DE\" \/>\r\n<meta property=\"og:type\" content=\"article\" \/>\r\n<meta property=\"og:title\" content=\"Dittmann D-Tape 5m Rolle -\" \/>\r\n<meta property=\"og:description\" content=\"Kinesiologie D-Tape als 5-Meter-Vorratsrolle: F\u00fcr Muskulatur und Gelenke ohne Bewegungseinschr\u00e4nkung. Kann zur Aktivierung und Entspannung der Muskulatur beitragen. Atmungsaktiv, luftdurchl\u00e4ssig und wasserbest\u00e4ndig.\u00a0 Material: 90% Baumwolle, 10% Elastan, ohne Latex.\u00a0 Erh\u00e4ltlich in verschiedenen Farben: Zur\u00fcck Weiter\" \/>\r\n<meta property=\"og:url\" content=\"http:\/\/hadi-gmbh.net\/index.php\/dittmann-d-tape-5m-rolle\/\" \/>\r\n<meta property=\"article:modified_time\" content=\"2022-11-22T09:20:03+00:00\" \/>\r\n<meta property=\"og:image\" content=\"http:\/\/hadi-gmbh.net\/wp-content\/uploads\/2022\/11\/rolle-schwarz.jpg\" \/>\r\n<meta name=\"twitter:card\" content=\"summary_large_image\" \/>\r\n<meta name=\"twitter:label1\" content=\"Gesch\u00e4tzte Lesezeit\" \/>\n\t<meta name=\"twitter:data1\" content=\"1 Minute\" \/>\r\n<script type=\"application\/ld+json\" class=\"yoast-schema-graph\">{\"@context\":\"https:\/\/schema.org\",\"@graph\":[{\"@type\":\"WebPage\",\"@id\":\"http:\/\/hadi-gmbh.net\/index.php\/dittmann-d-tape-5m-rolle\/\",\"url\":\"http:\/\/hadi-gmbh.net\/index.php\/dittmann-d-tape-5m-rolle\/\",\"name\":\"Dittmann D-Tape 5m Rolle -\",\"isPartOf\":{\"@id\":\"http:\/\/hadi-gmbh.net\/#website\"},\"datePublished\":\"2022-11-22T07:04:14+00:00\",\"dateModified\":\"2022-11-22T09:20:03+00:00\",\"breadcrumb\":{\"@id\":\"http:\/\/hadi-gmbh.net\/index.php\/dittmann-d-tape-5m-rolle\/#breadcrumb\"},\"inLanguage\":\"de-DE\",\"potentialAction\":[{\"@type\":\"ReadAction\",\"target\":[\"http:\/\/hadi-gmbh.net\/index.php\/dittmann-d-tape-5m-rolle\/\"]}]},{\"@type\":\"BreadcrumbList\",\"@id\":\"http:\/\/hadi-gmbh.net\/index.php\/dittmann-d-tape-5m-rolle\/#breadcrumb\",\"itemListElement\":[{\"@type\":\"ListItem\",\"position\":1,\"name\":\"Startseite\",\"item\":\"http:\/\/hadi-gmbh.net\/\"},{\"@type\":\"ListItem\",\"position\":2,\"name\":\"Dittmann D-Tape 5m Rolle\"}]},{\"@type\":\"WebSite\",\"@id\":\"http:\/\/hadi-gmbh.net\/#website\",\"url\":\"http:\/\/hadi-gmbh.net\/\",\"name\":\"\",\"description\":\"\",\"potentialAction\":[{\"@type\":\"SearchAction\",\"target\":{\"@type\":\"EntryPoint\",\"urlTemplate\":\"http:\/\/hadi-gmbh.net\/?s={search_term_string}\"},\"query-input\":\"required name=search_term_string\"}],\"inLanguage\":\"de-DE\"}]}<\/script>\r\n<!-- \/ Yoast SEO plugin. -->","yoast_head_json":{"title":"Dittmann D-Tape 5m Rolle -","robots":{"index":"index","follow":"follow","max-snippet":"max-snippet:-1","max-image-preview":"max-image-preview:large","max-video-preview":"max-video-preview:-1"},"canonical":"http:\/\/hadi-gmbh.net\/index.php\/dittmann-d-tape-5m-rolle\/","og_locale":"de_DE","og_type":"article","og_title":"Dittmann D-Tape 5m Rolle -","og_description":"Kinesiologie D-Tape als 5-Meter-Vorratsrolle: F\u00fcr Muskulatur und Gelenke ohne Bewegungseinschr\u00e4nkung. Kann zur Aktivierung und Entspannung der Muskulatur beitragen. Atmungsaktiv, luftdurchl\u00e4ssig und wasserbest\u00e4ndig.\u00a0 Material: 90% Baumwolle, 10% Elastan, ohne Latex.\u00a0 Erh\u00e4ltlich in verschiedenen Farben: Zur\u00fcck Weiter","og_url":"http:\/\/hadi-gmbh.net\/index.php\/dittmann-d-tape-5m-rolle\/","article_modified_time":"2022-11-22T09:20:03+00:00","og_image":[{"url":"http:\/\/hadi-gmbh.net\/wp-content\/uploads\/2022\/11\/rolle-schwarz.jpg"}],"twitter_card":"summary_large_image","twitter_misc":{"Gesch\u00e4tzte Lesezeit":"1 Minute"},"schema":{"@context":"https:\/\/schema.org","@graph":[{"@type":"WebPage","@id":"http:\/\/hadi-gmbh.net\/index.php\/dittmann-d-tape-5m-rolle\/","url":"http:\/\/hadi-gmbh.net\/index.php\/dittmann-d-tape-5m-rolle\/","name":"Dittmann D-Tape 5m Rolle -","isPartOf":{"@id":"http:\/\/hadi-gmbh.net\/#website"},"datePublished":"2022-11-22T07:04:14+00:00","dateModified":"2022-11-22T09:20:03+00:00","breadcrumb":{"@id":"http:\/\/hadi-gmbh.net\/index.php\/dittmann-d-tape-5m-rolle\/#breadcrumb"},"inLanguage":"de-DE","potentialAction":[{"@type":"ReadAction","target":["http:\/\/hadi-gmbh.net\/index.php\/dittmann-d-tape-5m-rolle\/"]}]},{"@type":"BreadcrumbList","@id":"http:\/\/hadi-gmbh.net\/index.php\/dittmann-d-tape-5m-rolle\/#breadcrumb","itemListElement":[{"@type":"ListItem","position":1,"name":"Startseite","item":"http:\/\/hadi-gmbh.net\/"},{"@type":"ListItem","position":2,"name":"Dittmann D-Tape 5m Rolle"}]},{"@type":"WebSite","@id":"http:\/\/hadi-gmbh.net\/#website","url":"http:\/\/hadi-gmbh.net\/","name":"","description":"","potentialAction":[{"@type":"SearchAction","target":{"@type":"EntryPoint","urlTemplate":"http:\/\/hadi-gmbh.net\/?s={search_term_string}"},"query-input":"required name=search_term_string"}],"inLanguage":"de-DE"}]}},"_links":{"self":[{"href":"http:\/\/hadi-gmbh.net\/index.php\/wp-json\/wp\/v2\/pages\/148"}],"collection":[{"href":"http:\/\/hadi-gmbh.net\/index.php\/wp-json\/wp\/v2\/pages"}],"about":[{"href":"http:\/\/hadi-gmbh.net\/index.php\/wp-json\/wp\/v2\/types\/page"}],"author":[{"embeddable":true,"href":"http:\/\/hadi-gmbh.net\/index.php\/wp-json\/wp\/v2\/users\/1"}],"replies":[{"embeddable":true,"href":"http:\/\/hadi-gmbh.net\/index.php\/wp-json\/wp\/v2\/comments?post=148"}],"version-history":[{"count":4,"href":"http:\/\/hadi-gmbh.net\/index.php\/wp-json\/wp\/v2\/pages\/148\/revisions"}],"predecessor-version":[{"id":360,"href":"http:\/\/hadi-gmbh.net\/index.php\/wp-json\/wp\/v2\/pages\/148\/revisions\/360"}],"wp:attachment":[{"href":"http:\/\/hadi-gmbh.net\/index.php\/wp-json\/wp\/v2\/media?parent=148"}],"curies":[{"name":"wp","href":"https:\/\/api.w.org\/{rel}","templated":true}]}}