{"id":160,"date":"2022-11-22T08:06:52","date_gmt":"2022-11-22T07:06:52","guid":{"rendered":"http:\/\/hadi-gmbh.net\/?page_id=160"},"modified":"2022-11-22T10:24:17","modified_gmt":"2022-11-22T09:24:17","slug":"dittmann-sport-und-kuehlgel","status":"publish","type":"page","link":"http:\/\/hadi-gmbh.net\/index.php\/dittmann-sport-und-kuehlgel\/","title":{"rendered":"Dittmann Sport- und K\u00fchlgel"},"content":{"rendered":"\t\t<div data-elementor-type=\"wp-page\" data-elementor-id=\"160\" class=\"elementor elementor-160\">\n\t\t\t\t\t\t\t\t\t<section class=\"elementor-section elementor-top-section elementor-element elementor-element-482f3447 elementor-section-boxed elementor-section-height-default elementor-section-height-default\" data-id=\"482f3447\" data-element_type=\"section\">\n\t\t\t\t\t\t<div class=\"elementor-container elementor-column-gap-default\">\n\t\t\t\t\t<div class=\"elementor-column elementor-col-100 elementor-top-column elementor-element elementor-element-1247c980\" data-id=\"1247c980\" data-element_type=\"column\">\n\t\t\t<div class=\"elementor-widget-wrap elementor-element-populated\">\n\t\t\t\t\t\t\t\t<div class=\"elementor-element elementor-element-2f2d587f elementor-widget elementor-widget-text-editor\" data-id=\"2f2d587f\" data-element_type=\"widget\" data-widget_type=\"text-editor.default\">\n\t\t\t\t<div class=\"elementor-widget-container\">\n\t\t\t<style>\/*! elementor - v3.8.0 - 30-10-2022 *\/\n.elementor-widget-text-editor.elementor-drop-cap-view-stacked .elementor-drop-cap{background-color:#818a91;color:#fff}.elementor-widget-text-editor.elementor-drop-cap-view-framed .elementor-drop-cap{color:#818a91;border:3px solid;background-color:transparent}.elementor-widget-text-editor:not(.elementor-drop-cap-view-default) .elementor-drop-cap{margin-top:8px}.elementor-widget-text-editor:not(.elementor-drop-cap-view-default) .elementor-drop-cap-letter{width:1em;height:1em}.elementor-widget-text-editor .elementor-drop-cap{float:left;text-align:center;line-height:1;font-size:50px}.elementor-widget-text-editor .elementor-drop-cap-letter{display:inline-block}<\/style>\t\t\t\t<!-- wp:paragraph -->\n<p>Gel mit japanischem Minz\u00f6l, k\u00fchlt bei Muskelschmerzen, Zerrungen, Verstauchungen, Prellungen und Insektenstichen. Speziell entwickelt f\u00fcr Kinesiologie Tapes: Ideale Kombination in der Anwendung f\u00fcr kinesiologisches Taping.\u00a0<\/p>\n<!-- \/wp:paragraph -->\t\t\t\t\t\t<\/div>\n\t\t\t\t<\/div>\n\t\t\t\t\t<\/div>\n\t\t<\/div>\n\t\t\t\t\t\t\t<\/div>\n\t\t<\/section>\n\t\t\t\t<section class=\"elementor-section elementor-top-section elementor-element elementor-element-e371354 elementor-section-boxed elementor-section-height-default elementor-section-height-default\" data-id=\"e371354\" data-element_type=\"section\">\n\t\t\t\t\t\t<div class=\"elementor-container elementor-column-gap-default\">\n\t\t\t\t\t<div class=\"elementor-column elementor-col-100 elementor-top-column elementor-element elementor-element-15330f9\" data-id=\"15330f9\" data-element_type=\"column\">\n\t\t\t<div class=\"elementor-widget-wrap elementor-element-populated\">\n\t\t\t\t\t\t\t\t<div class=\"elementor-element elementor-element-06705d4 elementor-widget elementor-widget-image\" data-id=\"06705d4\" data-element_type=\"widget\" data-widget_type=\"image.default\">\n\t\t\t\t<div class=\"elementor-widget-container\">\n\t\t\t<style>\/*! elementor - v3.8.0 - 30-10-2022 *\/\n.elementor-widget-image{text-align:center}.elementor-widget-image a{display:inline-block}.elementor-widget-image a img[src$=\".svg\"]{width:48px}.elementor-widget-image img{vertical-align:middle;display:inline-block}<\/style>\t\t\t\t\t\t\t\t\t\t\t\t<img width=\"925\" height=\"578\" src=\"http:\/\/hadi-gmbh.net\/wp-content\/uploads\/2022\/11\/kuehlgel.jpg\" class=\"attachment-large size-large\" alt=\"\" loading=\"lazy\" \/>\t\t\t\t\t\t\t\t\t\t\t\t\t\t\t<\/div>\n\t\t\t\t<\/div>\n\t\t\t\t\t<\/div>\n\t\t<\/div>\n\t\t\t\t\t\t\t<\/div>\n\t\t<\/section>\n\t\t\t\t\t\t\t<\/div>\n\t\t","protected":false},"excerpt":{"rendered":"<p>Gel mit japanischem Minz\u00f6l, k\u00fchlt bei Muskelschmerzen, Zerrungen, Verstauchungen, Prellungen und Insektenstichen. Speziell entwickelt f\u00fcr Kinesiologie Tapes: Ideale Kombination in der Anwendung f\u00fcr kinesiologisches Taping.\u00a0<\/p>\n","protected":false},"author":1,"featured_media":0,"parent":0,"menu_order":0,"comment_status":"closed","ping_status":"closed","template":"","meta":[],"yoast_head":"<!-- This site is optimized with the Yoast SEO plugin v19.9 - https:\/\/yoast.com\/wordpress\/plugins\/seo\/ -->\r\n<title>Dittmann Sport- und K\u00fchlgel -<\/title>\r\n<meta name=\"robots\" content=\"index, follow, max-snippet:-1, max-image-preview:large, max-video-preview:-1\" \/>\r\n<link rel=\"canonical\" href=\"http:\/\/hadi-gmbh.net\/index.php\/dittmann-sport-und-kuehlgel\/\" \/>\r\n<meta property=\"og:locale\" content=\"de_DE\" \/>\r\n<meta property=\"og:type\" content=\"article\" \/>\r\n<meta property=\"og:title\" content=\"Dittmann Sport- und K\u00fchlgel -\" \/>\r\n<meta property=\"og:description\" content=\"Gel mit japanischem Minz\u00f6l, k\u00fchlt bei Muskelschmerzen, Zerrungen, Verstauchungen, Prellungen und Insektenstichen. Speziell entwickelt f\u00fcr Kinesiologie Tapes: Ideale Kombination in der Anwendung f\u00fcr kinesiologisches Taping.\u00a0\" \/>\r\n<meta property=\"og:url\" content=\"http:\/\/hadi-gmbh.net\/index.php\/dittmann-sport-und-kuehlgel\/\" \/>\r\n<meta property=\"article:modified_time\" content=\"2022-11-22T09:24:17+00:00\" \/>\r\n<meta property=\"og:image\" content=\"http:\/\/hadi-gmbh.net\/wp-content\/uploads\/2022\/11\/kuehlgel.jpg\" \/>\r\n<meta name=\"twitter:card\" content=\"summary_large_image\" \/>\r\n<meta name=\"twitter:label1\" content=\"Gesch\u00e4tzte Lesezeit\" \/>\n\t<meta name=\"twitter:data1\" content=\"1 Minute\" \/>\r\n<script type=\"application\/ld+json\" class=\"yoast-schema-graph\">{\"@context\":\"https:\/\/schema.org\",\"@graph\":[{\"@type\":\"WebPage\",\"@id\":\"http:\/\/hadi-gmbh.net\/index.php\/dittmann-sport-und-kuehlgel\/\",\"url\":\"http:\/\/hadi-gmbh.net\/index.php\/dittmann-sport-und-kuehlgel\/\",\"name\":\"Dittmann Sport- und K\u00fchlgel -\",\"isPartOf\":{\"@id\":\"https:\/\/hadi-gmbh.net\/#website\"},\"datePublished\":\"2022-11-22T07:06:52+00:00\",\"dateModified\":\"2022-11-22T09:24:17+00:00\",\"breadcrumb\":{\"@id\":\"http:\/\/hadi-gmbh.net\/index.php\/dittmann-sport-und-kuehlgel\/#breadcrumb\"},\"inLanguage\":\"de-DE\",\"potentialAction\":[{\"@type\":\"ReadAction\",\"target\":[\"http:\/\/hadi-gmbh.net\/index.php\/dittmann-sport-und-kuehlgel\/\"]}]},{\"@type\":\"BreadcrumbList\",\"@id\":\"http:\/\/hadi-gmbh.net\/index.php\/dittmann-sport-und-kuehlgel\/#breadcrumb\",\"itemListElement\":[{\"@type\":\"ListItem\",\"position\":1,\"name\":\"Startseite\",\"item\":\"https:\/\/hadi-gmbh.net\/\"},{\"@type\":\"ListItem\",\"position\":2,\"name\":\"Dittmann Sport- und K\u00fchlgel\"}]},{\"@type\":\"WebSite\",\"@id\":\"https:\/\/hadi-gmbh.net\/#website\",\"url\":\"https:\/\/hadi-gmbh.net\/\",\"name\":\"\",\"description\":\"\",\"potentialAction\":[{\"@type\":\"SearchAction\",\"target\":{\"@type\":\"EntryPoint\",\"urlTemplate\":\"https:\/\/hadi-gmbh.net\/?s={search_term_string}\"},\"query-input\":\"required name=search_term_string\"}],\"inLanguage\":\"de-DE\"}]}<\/script>\r\n<!-- \/ Yoast SEO plugin. -->","yoast_head_json":{"title":"Dittmann Sport- und K\u00fchlgel -","robots":{"index":"index","follow":"follow","max-snippet":"max-snippet:-1","max-image-preview":"max-image-preview:large","max-video-preview":"max-video-preview:-1"},"canonical":"http:\/\/hadi-gmbh.net\/index.php\/dittmann-sport-und-kuehlgel\/","og_locale":"de_DE","og_type":"article","og_title":"Dittmann Sport- und K\u00fchlgel -","og_description":"Gel mit japanischem Minz\u00f6l, k\u00fchlt bei Muskelschmerzen, Zerrungen, Verstauchungen, Prellungen und Insektenstichen. Speziell entwickelt f\u00fcr Kinesiologie Tapes: Ideale Kombination in der Anwendung f\u00fcr kinesiologisches Taping.\u00a0","og_url":"http:\/\/hadi-gmbh.net\/index.php\/dittmann-sport-und-kuehlgel\/","article_modified_time":"2022-11-22T09:24:17+00:00","og_image":[{"url":"http:\/\/hadi-gmbh.net\/wp-content\/uploads\/2022\/11\/kuehlgel.jpg"}],"twitter_card":"summary_large_image","twitter_misc":{"Gesch\u00e4tzte Lesezeit":"1 Minute"},"schema":{"@context":"https:\/\/schema.org","@graph":[{"@type":"WebPage","@id":"http:\/\/hadi-gmbh.net\/index.php\/dittmann-sport-und-kuehlgel\/","url":"http:\/\/hadi-gmbh.net\/index.php\/dittmann-sport-und-kuehlgel\/","name":"Dittmann Sport- und K\u00fchlgel -","isPartOf":{"@id":"https:\/\/hadi-gmbh.net\/#website"},"datePublished":"2022-11-22T07:06:52+00:00","dateModified":"2022-11-22T09:24:17+00:00","breadcrumb":{"@id":"http:\/\/hadi-gmbh.net\/index.php\/dittmann-sport-und-kuehlgel\/#breadcrumb"},"inLanguage":"de-DE","potentialAction":[{"@type":"ReadAction","target":["http:\/\/hadi-gmbh.net\/index.php\/dittmann-sport-und-kuehlgel\/"]}]},{"@type":"BreadcrumbList","@id":"http:\/\/hadi-gmbh.net\/index.php\/dittmann-sport-und-kuehlgel\/#breadcrumb","itemListElement":[{"@type":"ListItem","position":1,"name":"Startseite","item":"https:\/\/hadi-gmbh.net\/"},{"@type":"ListItem","position":2,"name":"Dittmann Sport- und K\u00fchlgel"}]},{"@type":"WebSite","@id":"https:\/\/hadi-gmbh.net\/#website","url":"https:\/\/hadi-gmbh.net\/","name":"","description":"","potentialAction":[{"@type":"SearchAction","target":{"@type":"EntryPoint","urlTemplate":"https:\/\/hadi-gmbh.net\/?s={search_term_string}"},"query-input":"required name=search_term_string"}],"inLanguage":"de-DE"}]}},"_links":{"self":[{"href":"http:\/\/hadi-gmbh.net\/index.php\/wp-json\/wp\/v2\/pages\/160"}],"collection":[{"href":"http:\/\/hadi-gmbh.net\/index.php\/wp-json\/wp\/v2\/pages"}],"about":[{"href":"http:\/\/hadi-gmbh.net\/index.php\/wp-json\/wp\/v2\/types\/page"}],"author":[{"embeddable":true,"href":"http:\/\/hadi-gmbh.net\/index.php\/wp-json\/wp\/v2\/users\/1"}],"replies":[{"embeddable":true,"href":"http:\/\/hadi-gmbh.net\/index.php\/wp-json\/wp\/v2\/comments?post=160"}],"version-history":[{"count":4,"href":"http:\/\/hadi-gmbh.net\/index.php\/wp-json\/wp\/v2\/pages\/160\/revisions"}],"predecessor-version":[{"id":378,"href":"http:\/\/hadi-gmbh.net\/index.php\/wp-json\/wp\/v2\/pages\/160\/revisions\/378"}],"wp:attachment":[{"href":"http:\/\/hadi-gmbh.net\/index.php\/wp-json\/wp\/v2\/media?parent=160"}],"curies":[{"name":"wp","href":"https:\/\/api.w.org\/{rel}","templated":true}]}}