{"id":231,"date":"2022-11-22T08:28:32","date_gmt":"2022-11-22T07:28:32","guid":{"rendered":"http:\/\/hadi-gmbh.net\/?page_id=231"},"modified":"2022-11-29T17:50:34","modified_gmt":"2022-11-29T16:50:34","slug":"body-tube-schaum","status":"publish","type":"page","link":"http:\/\/hadi-gmbh.net\/index.php\/body-tube-schaum\/","title":{"rendered":"Body-Tube mit Schaumgriff"},"content":{"rendered":"\t\t<div data-elementor-type=\"wp-page\" data-elementor-id=\"231\" class=\"elementor elementor-231\">\n\t\t\t\t\t\t\t\t\t<section class=\"elementor-section elementor-top-section elementor-element elementor-element-05ea920 elementor-section-boxed elementor-section-height-default elementor-section-height-default\" data-id=\"05ea920\" data-element_type=\"section\">\n\t\t\t\t\t\t<div class=\"elementor-container elementor-column-gap-default\">\n\t\t\t\t\t<div class=\"elementor-column elementor-col-50 elementor-top-column elementor-element elementor-element-967085a\" data-id=\"967085a\" data-element_type=\"column\">\n\t\t\t<div class=\"elementor-widget-wrap elementor-element-populated\">\n\t\t\t\t\t\t\t\t<div class=\"elementor-element elementor-element-bc71ffc elementor-widget elementor-widget-text-editor\" data-id=\"bc71ffc\" data-element_type=\"widget\" data-widget_type=\"text-editor.default\">\n\t\t\t\t<div class=\"elementor-widget-container\">\n\t\t\t<style>\/*! elementor - v3.8.0 - 30-10-2022 *\/\n.elementor-widget-text-editor.elementor-drop-cap-view-stacked .elementor-drop-cap{background-color:#818a91;color:#fff}.elementor-widget-text-editor.elementor-drop-cap-view-framed .elementor-drop-cap{color:#818a91;border:3px solid;background-color:transparent}.elementor-widget-text-editor:not(.elementor-drop-cap-view-default) .elementor-drop-cap{margin-top:8px}.elementor-widget-text-editor:not(.elementor-drop-cap-view-default) .elementor-drop-cap-letter{width:1em;height:1em}.elementor-widget-text-editor .elementor-drop-cap{float:left;text-align:center;line-height:1;font-size:50px}.elementor-widget-text-editor .elementor-drop-cap-letter{display:inline-block}<\/style>\t\t\t\t<p class=\"MsoNormal\" style=\"line-height: normal; background-image: initial; background-position: initial; background-size: initial; background-repeat: initial; background-attachment: initial; background-origin: initial; background-clip: initial;\"><span style=\"font-size: 10.5pt; font-family: 'Open Sans',sans-serif; mso-fareast-font-family: 'Times New Roman'; color: #525252; mso-fareast-language: DE;\">Die Dittmann Bodytubes sind f\u00fcr ein effektives Ganzk\u00f6rpertraining, speziell f\u00fcr den Sportbereich, entwickelt worden, um die Fitness und Koordination\/K\u00f6rperstabilit\u00e4t zu verbessern. Die Body-Tubes mit extra-komfortabel gepolstertem Griff sind f\u00fcr empfindliche H\u00e4nde geeignet, aber auch rutschfester als ein nackter Kunststoffgriff.\u00a0Auch f\u00fcr den Gebrauch in Therapie und Reha ohne Reinigung oder\u00a0privat sind diese Griffe sehr beliebt.<\/span><\/p><p style=\"margin: 0cm 0cm 18pt; background-image: initial; background-position: initial; background-size: initial; background-repeat: initial; background-attachment: initial; background-origin: initial; background-clip: initial;\"><span style=\"font-family: Roboto;\">Anwendungsbereich:<br \/>Brust- und \u00e4ussere Oberarmmuskulatur<br \/>\u00c4ussere Schultermuskulatur<br \/>Oberarm \u201eTrizeps\u201c<br \/>Oberarm \u201eBizeps\u201c<br \/>Wadenmuskulatur<br \/>Gerade Bauchmuskulatur<\/span><\/p><p style=\"margin: 0cm 0cm 18pt; background-image: initial; background-position: initial; background-size: initial; background-repeat: initial; background-attachment: initial; background-origin: initial; background-clip: initial;\"><span style=\"font-family: Roboto;\">Hochwertige Profiqualit\u00e4t mit progressiven Zugwiderstand.<\/span><\/p><p class=\"MsoNormal\" style=\"line-height: normal; background-image: initial; background-position: initial; background-size: initial; background-repeat: initial; background-attachment: initial; background-origin: initial; background-clip: initial;\"><span style=\"font-size: 10.5pt; font-family: 'Open Sans',sans-serif; mso-fareast-font-family: 'Times New Roman'; color: #525252; mso-fareast-language: DE;\">\u00a0<\/span><\/p><p class=\"MsoNormal\" style=\"line-height: normal; background-image: initial; background-position: initial; background-size: initial; background-repeat: initial; background-attachment: initial; background-origin: initial; background-clip: initial;\"><span style=\"font-size: 13.5pt; font-family: Montserrat; mso-fareast-font-family: 'Times New Roman'; mso-bidi-font-family: 'Times New Roman'; color: #525252; mso-fareast-language: DE;\">Produktmerkmale und Widerst\u00e4nde\/Farben:<\/span><\/p><p>\u00a0<\/p><ul type=\"disc\"><li class=\"MsoNormal\" style=\"color: #525252; line-height: normal; background-image: initial; background-position: initial; background-size: initial; background-repeat: initial; background-attachment: initial; background-origin: initial; background-clip: initial;\"><span style=\"font-size: 10.5pt; font-family: 'Open Sans',sans-serif; mso-fareast-font-family: 'Times New Roman'; mso-fareast-language: DE;\">KU-Griffe mit einem extra komfortabel \u00fcberzogenem Schaumstoff als Polster<\/span><\/li><li class=\"MsoNormal\" style=\"color: #525252; line-height: normal; background-image: initial; background-position: initial; background-size: initial; background-repeat: initial; background-attachment: initial; background-origin: initial; background-clip: initial;\"><span style=\"font-size: 10.5pt; font-family: 'Open Sans',sans-serif; mso-fareast-font-family: 'Times New Roman'; mso-fareast-language: DE;\">Griffdurchmesser: ca. 2,5 cm<\/span><\/li><li class=\"MsoNormal\" style=\"color: #525252; line-height: normal; background-image: initial; background-position: initial; background-size: initial; background-repeat: initial; background-attachment: initial; background-origin: initial; background-clip: initial;\"><span style=\"font-size: 10.5pt; font-family: 'Open Sans',sans-serif; mso-fareast-font-family: 'Times New Roman'; mso-fareast-language: DE;\">Durchgriffh\u00f6he: bis zu 8 cm<\/span><\/li><li class=\"MsoNormal\" style=\"color: #525252; line-height: normal; background-image: initial; background-position: initial; background-size: initial; background-repeat: initial; background-attachment: initial; background-origin: initial; background-clip: initial;\"><span style=\"font-size: 10.5pt; font-family: 'Open Sans',sans-serif; mso-fareast-font-family: 'Times New Roman'; mso-fareast-language: DE;\">Tube aus 100%\u00a0Naturkautschuk-Latex gefertigt<\/span><\/li><li class=\"MsoNormal\" style=\"color: #525252; line-height: normal; background-image: initial; background-position: initial; background-size: initial; background-repeat: initial; background-attachment: initial; background-origin: initial; background-clip: initial;\"><span style=\"font-size: 10.5pt; font-family: 'Open Sans',sans-serif; mso-fareast-font-family: 'Times New Roman'; mso-fareast-language: DE;\">gelb &#8211; leicht, ca. 122 cm, ca. 147 g\u00a0<\/span><\/li><li class=\"MsoNormal\" style=\"color: #525252; line-height: normal; background-image: initial; background-position: initial; background-size: initial; background-repeat: initial; background-attachment: initial; background-origin: initial; background-clip: initial;\"><span style=\"font-size: 10.5pt; font-family: 'Open Sans',sans-serif; mso-fareast-font-family: 'Times New Roman'; mso-fareast-language: DE;\">gr\u00fcn &#8211; mittel, ca. 122 cm, ca. 167 g\u00a0<\/span><\/li><li class=\"MsoNormal\" style=\"color: #525252; line-height: normal; background-image: initial; background-position: initial; background-size: initial; background-repeat: initial; background-attachment: initial; background-origin: initial; background-clip: initial;\"><span style=\"font-size: 10.5pt; font-family: 'Open Sans',sans-serif; mso-fareast-font-family: 'Times New Roman'; mso-fareast-language: DE;\">rot\u00a0&#8211; stark, ca. 122\u00a0cm, ca. 183 g\u00a0<\/span><\/li><li class=\"MsoNormal\" style=\"color: #525252; line-height: normal; background-image: initial; background-position: initial; background-size: initial; background-repeat: initial; background-attachment: initial; background-origin: initial; background-clip: initial;\"><span style=\"font-size: 10.5pt; font-family: 'Open Sans',sans-serif; mso-fareast-font-family: 'Times New Roman'; mso-fareast-language: DE;\">blau &#8211; extra stark, ca. 122 cm, ca. 212 g<\/span><\/li><\/ul>\t\t\t\t\t\t<\/div>\n\t\t\t\t<\/div>\n\t\t\t\t\t<\/div>\n\t\t<\/div>\n\t\t\t\t<div class=\"elementor-column elementor-col-50 elementor-top-column elementor-element elementor-element-69e2726\" data-id=\"69e2726\" data-element_type=\"column\">\n\t\t\t<div class=\"elementor-widget-wrap elementor-element-populated\">\n\t\t\t\t\t\t\t\t<div class=\"elementor-element elementor-element-fbbaff8 elementor-widget elementor-widget-image\" data-id=\"fbbaff8\" data-element_type=\"widget\" data-widget_type=\"image.default\">\n\t\t\t\t<div class=\"elementor-widget-container\">\n\t\t\t<style>\/*! elementor - v3.8.0 - 30-10-2022 *\/\n.elementor-widget-image{text-align:center}.elementor-widget-image a{display:inline-block}.elementor-widget-image a img[src$=\".svg\"]{width:48px}.elementor-widget-image img{vertical-align:middle;display:inline-block}<\/style>\t\t\t\t\t\t\t\t\t\t\t\t<img width=\"625\" height=\"1000\" src=\"http:\/\/hadi-gmbh.net\/wp-content\/uploads\/2022\/11\/GR1019_01-12_bearbeitet-Kopie.jpg\" class=\"attachment-large size-large\" alt=\"\" loading=\"lazy\" \/>\t\t\t\t\t\t\t\t\t\t\t\t\t\t\t<\/div>\n\t\t\t\t<\/div>\n\t\t\t\t\t<\/div>\n\t\t<\/div>\n\t\t\t\t\t\t\t<\/div>\n\t\t<\/section>\n\t\t\t\t<section class=\"elementor-section elementor-top-section elementor-element elementor-element-908edb3 elementor-section-boxed elementor-section-height-default elementor-section-height-default\" data-id=\"908edb3\" data-element_type=\"section\">\n\t\t\t\t\t\t<div class=\"elementor-container elementor-column-gap-default\">\n\t\t\t\t\t<div class=\"elementor-column elementor-col-100 elementor-top-column elementor-element elementor-element-fa00e66\" data-id=\"fa00e66\" data-element_type=\"column\">\n\t\t\t<div class=\"elementor-widget-wrap\">\n\t\t\t\t\t\t\t\t\t<\/div>\n\t\t<\/div>\n\t\t\t\t\t\t\t<\/div>\n\t\t<\/section>\n\t\t\t\t<section class=\"elementor-section elementor-top-section elementor-element elementor-element-23b95e3 elementor-section-boxed elementor-section-height-default elementor-section-height-default\" data-id=\"23b95e3\" data-element_type=\"section\">\n\t\t\t\t\t\t<div class=\"elementor-container elementor-column-gap-default\">\n\t\t\t\t\t<div class=\"elementor-column elementor-col-50 elementor-top-column elementor-element elementor-element-2abacd8\" data-id=\"2abacd8\" data-element_type=\"column\">\n\t\t\t<div class=\"elementor-widget-wrap\">\n\t\t\t\t\t\t\t\t\t<\/div>\n\t\t<\/div>\n\t\t\t\t<div class=\"elementor-column elementor-col-50 elementor-top-column elementor-element elementor-element-e237e05\" data-id=\"e237e05\" data-element_type=\"column\">\n\t\t\t<div class=\"elementor-widget-wrap\">\n\t\t\t\t\t\t\t\t\t<\/div>\n\t\t<\/div>\n\t\t\t\t\t\t\t<\/div>\n\t\t<\/section>\n\t\t\t\t<section class=\"elementor-section elementor-top-section elementor-element elementor-element-194c467 elementor-section-boxed elementor-section-height-default elementor-section-height-default\" data-id=\"194c467\" data-element_type=\"section\">\n\t\t\t\t\t\t<div class=\"elementor-container elementor-column-gap-default\">\n\t\t\t\t\t<div class=\"elementor-column elementor-col-33 elementor-top-column elementor-element elementor-element-0faee5c\" data-id=\"0faee5c\" data-element_type=\"column\">\n\t\t\t<div class=\"elementor-widget-wrap elementor-element-populated\">\n\t\t\t\t\t\t\t\t<div class=\"elementor-element elementor-element-28bbed5 elementor-widget elementor-widget-image\" data-id=\"28bbed5\" data-element_type=\"widget\" data-widget_type=\"image.default\">\n\t\t\t\t<div class=\"elementor-widget-container\">\n\t\t\t\t\t\t\t\t\t\t\t\t\t\t\t<img width=\"330\" height=\"195\" src=\"http:\/\/hadi-gmbh.net\/wp-content\/uploads\/2022\/11\/platzhalter.jpg\" class=\"attachment-large size-large\" alt=\"\" loading=\"lazy\" \/>\t\t\t\t\t\t\t\t\t\t\t\t\t\t\t<\/div>\n\t\t\t\t<\/div>\n\t\t\t\t<div class=\"elementor-element elementor-element-3cd154b elementor-widget elementor-widget-image\" data-id=\"3cd154b\" data-element_type=\"widget\" data-widget_type=\"image.default\">\n\t\t\t\t<div class=\"elementor-widget-container\">\n\t\t\t\t\t\t\t\t\t\t\t\t\t\t\t<img width=\"557\" height=\"204\" src=\"http:\/\/hadi-gmbh.net\/wp-content\/uploads\/2022\/11\/KO2518000979_02_bearbeitet-Kopie.jpg\" class=\"attachment-large size-large\" alt=\"\" loading=\"lazy\" \/>\t\t\t\t\t\t\t\t\t\t\t\t\t\t\t<\/div>\n\t\t\t\t<\/div>\n\t\t\t\t\t<\/div>\n\t\t<\/div>\n\t\t\t\t<div class=\"elementor-column elementor-col-33 elementor-top-column elementor-element elementor-element-6f7571c\" data-id=\"6f7571c\" data-element_type=\"column\">\n\t\t\t<div class=\"elementor-widget-wrap\">\n\t\t\t\t\t\t\t\t\t<\/div>\n\t\t<\/div>\n\t\t\t\t<div class=\"elementor-column elementor-col-33 elementor-top-column elementor-element elementor-element-1bee2ce\" data-id=\"1bee2ce\" data-element_type=\"column\">\n\t\t\t<div class=\"elementor-widget-wrap elementor-element-populated\">\n\t\t\t\t\t\t\t\t<div class=\"elementor-element elementor-element-4dff2c4 e-transform elementor-widget elementor-widget-image\" data-id=\"4dff2c4\" data-element_type=\"widget\" data-settings=\"{&quot;_transform_flipX_effect&quot;:&quot;transform&quot;}\" data-widget_type=\"image.default\">\n\t\t\t\t<div class=\"elementor-widget-container\">\n\t\t\t\t\t\t\t\t\t\t\t\t\t\t\t<img width=\"619\" height=\"1024\" src=\"http:\/\/hadi-gmbh.net\/wp-content\/uploads\/2022\/11\/Perfect-Body-TUBE-11-Kopie.jpg\" class=\"attachment-large size-large\" alt=\"\" loading=\"lazy\" \/>\t\t\t\t\t\t\t\t\t\t\t\t\t\t\t<\/div>\n\t\t\t\t<\/div>\n\t\t\t\t\t<\/div>\n\t\t<\/div>\n\t\t\t\t\t\t\t<\/div>\n\t\t<\/section>\n\t\t\t\t\t\t\t<\/div>\n\t\t","protected":false},"excerpt":{"rendered":"<p>Die Dittmann Bodytubes sind f\u00fcr ein effektives Ganzk\u00f6rpertraining, speziell f\u00fcr den Sportbereich, entwickelt worden, um die Fitness und Koordination\/K\u00f6rperstabilit\u00e4t zu verbessern. Die Body-Tubes mit extra-komfortabel gepolstertem Griff sind f\u00fcr empfindliche H\u00e4nde geeignet, aber auch rutschfester als ein nackter Kunststoffgriff.&nbsp;Auch f\u00fcr den Gebrauch in Therapie und Reha ohne Reinigung oder&nbsp;privat sind diese Griffe sehr beliebt. Anwendungsbereich: &hellip; <\/p>\n","protected":false},"author":1,"featured_media":0,"parent":0,"menu_order":0,"comment_status":"closed","ping_status":"closed","template":"","meta":[],"yoast_head":"<!-- This site is optimized with the Yoast SEO plugin v19.9 - https:\/\/yoast.com\/wordpress\/plugins\/seo\/ -->\r\n<title>Body-Tube mit Schaumgriff -<\/title>\r\n<meta name=\"robots\" content=\"index, follow, max-snippet:-1, max-image-preview:large, max-video-preview:-1\" \/>\r\n<link rel=\"canonical\" href=\"https:\/\/hadi-gmbh.net\/index.php\/body-tube-schaum\/\" \/>\r\n<meta property=\"og:locale\" content=\"de_DE\" \/>\r\n<meta property=\"og:type\" content=\"article\" \/>\r\n<meta property=\"og:title\" content=\"Body-Tube mit Schaumgriff -\" \/>\r\n<meta property=\"og:description\" content=\"Die Dittmann Bodytubes sind f\u00fcr ein effektives Ganzk\u00f6rpertraining, speziell f\u00fcr den Sportbereich, entwickelt worden, um die Fitness und Koordination\/K\u00f6rperstabilit\u00e4t zu verbessern. Die Body-Tubes mit extra-komfortabel gepolstertem Griff sind f\u00fcr empfindliche H\u00e4nde geeignet, aber auch rutschfester als ein nackter Kunststoffgriff.&nbsp;Auch f\u00fcr den Gebrauch in Therapie und Reha ohne Reinigung oder&nbsp;privat sind diese Griffe sehr beliebt. Anwendungsbereich: &hellip;\" \/>\r\n<meta property=\"og:url\" content=\"https:\/\/hadi-gmbh.net\/index.php\/body-tube-schaum\/\" \/>\r\n<meta property=\"article:modified_time\" content=\"2022-11-29T16:50:34+00:00\" \/>\r\n<meta property=\"og:image\" content=\"http:\/\/hadi-gmbh.net\/wp-content\/uploads\/2022\/11\/GR1019_01-12_bearbeitet-Kopie.jpg\" \/>\r\n<meta name=\"twitter:card\" content=\"summary_large_image\" \/>\r\n<meta name=\"twitter:label1\" content=\"Gesch\u00e4tzte Lesezeit\" \/>\n\t<meta name=\"twitter:data1\" content=\"2 Minuten\" \/>\r\n<script type=\"application\/ld+json\" class=\"yoast-schema-graph\">{\"@context\":\"https:\/\/schema.org\",\"@graph\":[{\"@type\":\"WebPage\",\"@id\":\"https:\/\/hadi-gmbh.net\/index.php\/body-tube-schaum\/\",\"url\":\"https:\/\/hadi-gmbh.net\/index.php\/body-tube-schaum\/\",\"name\":\"Body-Tube mit Schaumgriff -\",\"isPartOf\":{\"@id\":\"http:\/\/hadi-gmbh.net\/#website\"},\"datePublished\":\"2022-11-22T07:28:32+00:00\",\"dateModified\":\"2022-11-29T16:50:34+00:00\",\"breadcrumb\":{\"@id\":\"https:\/\/hadi-gmbh.net\/index.php\/body-tube-schaum\/#breadcrumb\"},\"inLanguage\":\"de-DE\",\"potentialAction\":[{\"@type\":\"ReadAction\",\"target\":[\"https:\/\/hadi-gmbh.net\/index.php\/body-tube-schaum\/\"]}]},{\"@type\":\"BreadcrumbList\",\"@id\":\"https:\/\/hadi-gmbh.net\/index.php\/body-tube-schaum\/#breadcrumb\",\"itemListElement\":[{\"@type\":\"ListItem\",\"position\":1,\"name\":\"Startseite\",\"item\":\"http:\/\/hadi-gmbh.net\/\"},{\"@type\":\"ListItem\",\"position\":2,\"name\":\"Body-Tube mit Schaumgriff\"}]},{\"@type\":\"WebSite\",\"@id\":\"http:\/\/hadi-gmbh.net\/#website\",\"url\":\"http:\/\/hadi-gmbh.net\/\",\"name\":\"\",\"description\":\"\",\"potentialAction\":[{\"@type\":\"SearchAction\",\"target\":{\"@type\":\"EntryPoint\",\"urlTemplate\":\"http:\/\/hadi-gmbh.net\/?s={search_term_string}\"},\"query-input\":\"required name=search_term_string\"}],\"inLanguage\":\"de-DE\"}]}<\/script>\r\n<!-- \/ Yoast SEO plugin. -->","yoast_head_json":{"title":"Body-Tube mit Schaumgriff -","robots":{"index":"index","follow":"follow","max-snippet":"max-snippet:-1","max-image-preview":"max-image-preview:large","max-video-preview":"max-video-preview:-1"},"canonical":"https:\/\/hadi-gmbh.net\/index.php\/body-tube-schaum\/","og_locale":"de_DE","og_type":"article","og_title":"Body-Tube mit Schaumgriff -","og_description":"Die Dittmann Bodytubes sind f\u00fcr ein effektives Ganzk\u00f6rpertraining, speziell f\u00fcr den Sportbereich, entwickelt worden, um die Fitness und Koordination\/K\u00f6rperstabilit\u00e4t zu verbessern. Die Body-Tubes mit extra-komfortabel gepolstertem Griff sind f\u00fcr empfindliche H\u00e4nde geeignet, aber auch rutschfester als ein nackter Kunststoffgriff.&nbsp;Auch f\u00fcr den Gebrauch in Therapie und Reha ohne Reinigung oder&nbsp;privat sind diese Griffe sehr beliebt. Anwendungsbereich: &hellip;","og_url":"https:\/\/hadi-gmbh.net\/index.php\/body-tube-schaum\/","article_modified_time":"2022-11-29T16:50:34+00:00","og_image":[{"url":"http:\/\/hadi-gmbh.net\/wp-content\/uploads\/2022\/11\/GR1019_01-12_bearbeitet-Kopie.jpg"}],"twitter_card":"summary_large_image","twitter_misc":{"Gesch\u00e4tzte Lesezeit":"2 Minuten"},"schema":{"@context":"https:\/\/schema.org","@graph":[{"@type":"WebPage","@id":"https:\/\/hadi-gmbh.net\/index.php\/body-tube-schaum\/","url":"https:\/\/hadi-gmbh.net\/index.php\/body-tube-schaum\/","name":"Body-Tube mit Schaumgriff -","isPartOf":{"@id":"http:\/\/hadi-gmbh.net\/#website"},"datePublished":"2022-11-22T07:28:32+00:00","dateModified":"2022-11-29T16:50:34+00:00","breadcrumb":{"@id":"https:\/\/hadi-gmbh.net\/index.php\/body-tube-schaum\/#breadcrumb"},"inLanguage":"de-DE","potentialAction":[{"@type":"ReadAction","target":["https:\/\/hadi-gmbh.net\/index.php\/body-tube-schaum\/"]}]},{"@type":"BreadcrumbList","@id":"https:\/\/hadi-gmbh.net\/index.php\/body-tube-schaum\/#breadcrumb","itemListElement":[{"@type":"ListItem","position":1,"name":"Startseite","item":"http:\/\/hadi-gmbh.net\/"},{"@type":"ListItem","position":2,"name":"Body-Tube mit Schaumgriff"}]},{"@type":"WebSite","@id":"http:\/\/hadi-gmbh.net\/#website","url":"http:\/\/hadi-gmbh.net\/","name":"","description":"","potentialAction":[{"@type":"SearchAction","target":{"@type":"EntryPoint","urlTemplate":"http:\/\/hadi-gmbh.net\/?s={search_term_string}"},"query-input":"required name=search_term_string"}],"inLanguage":"de-DE"}]}},"_links":{"self":[{"href":"http:\/\/hadi-gmbh.net\/index.php\/wp-json\/wp\/v2\/pages\/231"}],"collection":[{"href":"http:\/\/hadi-gmbh.net\/index.php\/wp-json\/wp\/v2\/pages"}],"about":[{"href":"http:\/\/hadi-gmbh.net\/index.php\/wp-json\/wp\/v2\/types\/page"}],"author":[{"embeddable":true,"href":"http:\/\/hadi-gmbh.net\/index.php\/wp-json\/wp\/v2\/users\/1"}],"replies":[{"embeddable":true,"href":"http:\/\/hadi-gmbh.net\/index.php\/wp-json\/wp\/v2\/comments?post=231"}],"version-history":[{"count":14,"href":"http:\/\/hadi-gmbh.net\/index.php\/wp-json\/wp\/v2\/pages\/231\/revisions"}],"predecessor-version":[{"id":701,"href":"http:\/\/hadi-gmbh.net\/index.php\/wp-json\/wp\/v2\/pages\/231\/revisions\/701"}],"wp:attachment":[{"href":"http:\/\/hadi-gmbh.net\/index.php\/wp-json\/wp\/v2\/media?parent=231"}],"curies":[{"name":"wp","href":"https:\/\/api.w.org\/{rel}","templated":true}]}}