{"id":233,"date":"2022-11-22T08:28:47","date_gmt":"2022-11-22T07:28:47","guid":{"rendered":"http:\/\/hadi-gmbh.net\/?page_id=233"},"modified":"2022-11-22T11:00:33","modified_gmt":"2022-11-22T10:00:33","slug":"body-tube-premium","status":"publish","type":"page","link":"http:\/\/hadi-gmbh.net\/index.php\/body-tube-premium\/","title":{"rendered":"Body-Tube Premium"},"content":{"rendered":"\t\t<div data-elementor-type=\"wp-page\" data-elementor-id=\"233\" class=\"elementor elementor-233\">\n\t\t\t\t\t\t\t\t\t<section class=\"elementor-section elementor-top-section elementor-element elementor-element-5c43318 elementor-section-boxed elementor-section-height-default elementor-section-height-default\" data-id=\"5c43318\" data-element_type=\"section\">\n\t\t\t\t\t\t<div class=\"elementor-container elementor-column-gap-default\">\n\t\t\t\t\t<div class=\"elementor-column elementor-col-100 elementor-top-column elementor-element elementor-element-ed9b939\" data-id=\"ed9b939\" data-element_type=\"column\">\n\t\t\t<div class=\"elementor-widget-wrap elementor-element-populated\">\n\t\t\t\t\t\t\t\t<div class=\"elementor-element elementor-element-0327856 elementor-widget elementor-widget-text-editor\" data-id=\"0327856\" data-element_type=\"widget\" data-widget_type=\"text-editor.default\">\n\t\t\t\t<div class=\"elementor-widget-container\">\n\t\t\t<style>\/*! elementor - v3.8.0 - 30-10-2022 *\/\n.elementor-widget-text-editor.elementor-drop-cap-view-stacked .elementor-drop-cap{background-color:#818a91;color:#fff}.elementor-widget-text-editor.elementor-drop-cap-view-framed .elementor-drop-cap{color:#818a91;border:3px solid;background-color:transparent}.elementor-widget-text-editor:not(.elementor-drop-cap-view-default) .elementor-drop-cap{margin-top:8px}.elementor-widget-text-editor:not(.elementor-drop-cap-view-default) .elementor-drop-cap-letter{width:1em;height:1em}.elementor-widget-text-editor .elementor-drop-cap{float:left;text-align:center;line-height:1;font-size:50px}.elementor-widget-text-editor .elementor-drop-cap-letter{display:inline-block}<\/style>\t\t\t\t<p>F\u00fcr das Training aller gro\u00dfen Muskelgruppen. Verbessert die Fitness und die Leistungsf\u00e4higkeit.<\/p><p>Das Body-Tube ist in folgenden St\u00e4rken erh\u00e4ltlich:<\/p><p>gelb \u2013 leicht; gr\u00fcn \u2013 mittel; rot &#8211; stark;\u00a0\u00a0<span style=\"color: var( --e-global-color-text ); font-family: var( --e-global-typography-text-font-family ), Sans-serif; font-weight: var( --e-global-typography-text-font-weight );\">blau &#8211; etxra stark<\/span><\/p>\t\t\t\t\t\t<\/div>\n\t\t\t\t<\/div>\n\t\t\t\t\t<\/div>\n\t\t<\/div>\n\t\t\t\t\t\t\t<\/div>\n\t\t<\/section>\n\t\t\t\t<section class=\"elementor-section elementor-top-section elementor-element elementor-element-3eeef51 elementor-section-boxed elementor-section-height-default elementor-section-height-default\" data-id=\"3eeef51\" data-element_type=\"section\">\n\t\t\t\t\t\t<div class=\"elementor-container elementor-column-gap-default\">\n\t\t\t\t\t<div class=\"elementor-column elementor-col-100 elementor-top-column elementor-element elementor-element-af8c8d7\" data-id=\"af8c8d7\" data-element_type=\"column\">\n\t\t\t<div class=\"elementor-widget-wrap elementor-element-populated\">\n\t\t\t\t\t\t\t\t<div class=\"elementor-element elementor-element-001c280 elementor-widget elementor-widget-image\" data-id=\"001c280\" data-element_type=\"widget\" data-widget_type=\"image.default\">\n\t\t\t\t<div class=\"elementor-widget-container\">\n\t\t\t<style>\/*! elementor - v3.8.0 - 30-10-2022 *\/\n.elementor-widget-image{text-align:center}.elementor-widget-image a{display:inline-block}.elementor-widget-image a img[src$=\".svg\"]{width:48px}.elementor-widget-image img{vertical-align:middle;display:inline-block}<\/style>\t\t\t\t\t\t\t\t\t\t\t\t<img width=\"400\" height=\"250\" src=\"http:\/\/hadi-gmbh.net\/wp-content\/uploads\/2022\/11\/premiumtube.png\" class=\"attachment-large size-large\" alt=\"\" loading=\"lazy\" \/>\t\t\t\t\t\t\t\t\t\t\t\t\t\t\t<\/div>\n\t\t\t\t<\/div>\n\t\t\t\t\t<\/div>\n\t\t<\/div>\n\t\t\t\t\t\t\t<\/div>\n\t\t<\/section>\n\t\t\t\t\t\t\t<\/div>\n\t\t","protected":false},"excerpt":{"rendered":"<p>F\u00fcr das Training aller gro\u00dfen Muskelgruppen. Verbessert die Fitness und die Leistungsf\u00e4higkeit. Das Body-Tube ist in folgenden St\u00e4rken erh\u00e4ltlich: gelb \u2013 leicht; gr\u00fcn \u2013 mittel; rot &#8211; stark;\u00a0\u00a0blau &#8211; etxra stark<\/p>\n","protected":false},"author":1,"featured_media":0,"parent":0,"menu_order":0,"comment_status":"closed","ping_status":"closed","template":"","meta":[],"yoast_head":"<!-- This site is optimized with the Yoast SEO plugin v19.9 - https:\/\/yoast.com\/wordpress\/plugins\/seo\/ -->\r\n<title>Body-Tube Premium -<\/title>\r\n<meta name=\"robots\" content=\"index, follow, max-snippet:-1, max-image-preview:large, max-video-preview:-1\" \/>\r\n<link rel=\"canonical\" href=\"http:\/\/hadi-gmbh.net\/index.php\/body-tube-premium\/\" \/>\r\n<meta property=\"og:locale\" content=\"de_DE\" \/>\r\n<meta property=\"og:type\" content=\"article\" \/>\r\n<meta property=\"og:title\" content=\"Body-Tube Premium -\" \/>\r\n<meta property=\"og:description\" content=\"F\u00fcr das Training aller gro\u00dfen Muskelgruppen. Verbessert die Fitness und die Leistungsf\u00e4higkeit. Das Body-Tube ist in folgenden St\u00e4rken erh\u00e4ltlich: gelb \u2013 leicht; gr\u00fcn \u2013 mittel; rot &#8211; stark;\u00a0\u00a0blau &#8211; etxra stark\" \/>\r\n<meta property=\"og:url\" content=\"http:\/\/hadi-gmbh.net\/index.php\/body-tube-premium\/\" \/>\r\n<meta property=\"article:modified_time\" content=\"2022-11-22T10:00:33+00:00\" \/>\r\n<meta property=\"og:image\" content=\"http:\/\/hadi-gmbh.net\/wp-content\/uploads\/2022\/11\/premiumtube.png\" \/>\r\n<meta name=\"twitter:card\" content=\"summary_large_image\" \/>\r\n<meta name=\"twitter:label1\" content=\"Gesch\u00e4tzte Lesezeit\" \/>\n\t<meta name=\"twitter:data1\" content=\"1 Minute\" \/>\r\n<script type=\"application\/ld+json\" class=\"yoast-schema-graph\">{\"@context\":\"https:\/\/schema.org\",\"@graph\":[{\"@type\":\"WebPage\",\"@id\":\"http:\/\/hadi-gmbh.net\/index.php\/body-tube-premium\/\",\"url\":\"http:\/\/hadi-gmbh.net\/index.php\/body-tube-premium\/\",\"name\":\"Body-Tube Premium -\",\"isPartOf\":{\"@id\":\"https:\/\/hadi-gmbh.net\/#website\"},\"datePublished\":\"2022-11-22T07:28:47+00:00\",\"dateModified\":\"2022-11-22T10:00:33+00:00\",\"breadcrumb\":{\"@id\":\"http:\/\/hadi-gmbh.net\/index.php\/body-tube-premium\/#breadcrumb\"},\"inLanguage\":\"de-DE\",\"potentialAction\":[{\"@type\":\"ReadAction\",\"target\":[\"http:\/\/hadi-gmbh.net\/index.php\/body-tube-premium\/\"]}]},{\"@type\":\"BreadcrumbList\",\"@id\":\"http:\/\/hadi-gmbh.net\/index.php\/body-tube-premium\/#breadcrumb\",\"itemListElement\":[{\"@type\":\"ListItem\",\"position\":1,\"name\":\"Startseite\",\"item\":\"https:\/\/hadi-gmbh.net\/\"},{\"@type\":\"ListItem\",\"position\":2,\"name\":\"Body-Tube Premium\"}]},{\"@type\":\"WebSite\",\"@id\":\"https:\/\/hadi-gmbh.net\/#website\",\"url\":\"https:\/\/hadi-gmbh.net\/\",\"name\":\"\",\"description\":\"\",\"potentialAction\":[{\"@type\":\"SearchAction\",\"target\":{\"@type\":\"EntryPoint\",\"urlTemplate\":\"https:\/\/hadi-gmbh.net\/?s={search_term_string}\"},\"query-input\":\"required name=search_term_string\"}],\"inLanguage\":\"de-DE\"}]}<\/script>\r\n<!-- \/ Yoast SEO plugin. -->","yoast_head_json":{"title":"Body-Tube Premium -","robots":{"index":"index","follow":"follow","max-snippet":"max-snippet:-1","max-image-preview":"max-image-preview:large","max-video-preview":"max-video-preview:-1"},"canonical":"http:\/\/hadi-gmbh.net\/index.php\/body-tube-premium\/","og_locale":"de_DE","og_type":"article","og_title":"Body-Tube Premium -","og_description":"F\u00fcr das Training aller gro\u00dfen Muskelgruppen. Verbessert die Fitness und die Leistungsf\u00e4higkeit. Das Body-Tube ist in folgenden St\u00e4rken erh\u00e4ltlich: gelb \u2013 leicht; gr\u00fcn \u2013 mittel; rot &#8211; stark;\u00a0\u00a0blau &#8211; etxra stark","og_url":"http:\/\/hadi-gmbh.net\/index.php\/body-tube-premium\/","article_modified_time":"2022-11-22T10:00:33+00:00","og_image":[{"url":"http:\/\/hadi-gmbh.net\/wp-content\/uploads\/2022\/11\/premiumtube.png"}],"twitter_card":"summary_large_image","twitter_misc":{"Gesch\u00e4tzte Lesezeit":"1 Minute"},"schema":{"@context":"https:\/\/schema.org","@graph":[{"@type":"WebPage","@id":"http:\/\/hadi-gmbh.net\/index.php\/body-tube-premium\/","url":"http:\/\/hadi-gmbh.net\/index.php\/body-tube-premium\/","name":"Body-Tube Premium -","isPartOf":{"@id":"https:\/\/hadi-gmbh.net\/#website"},"datePublished":"2022-11-22T07:28:47+00:00","dateModified":"2022-11-22T10:00:33+00:00","breadcrumb":{"@id":"http:\/\/hadi-gmbh.net\/index.php\/body-tube-premium\/#breadcrumb"},"inLanguage":"de-DE","potentialAction":[{"@type":"ReadAction","target":["http:\/\/hadi-gmbh.net\/index.php\/body-tube-premium\/"]}]},{"@type":"BreadcrumbList","@id":"http:\/\/hadi-gmbh.net\/index.php\/body-tube-premium\/#breadcrumb","itemListElement":[{"@type":"ListItem","position":1,"name":"Startseite","item":"https:\/\/hadi-gmbh.net\/"},{"@type":"ListItem","position":2,"name":"Body-Tube Premium"}]},{"@type":"WebSite","@id":"https:\/\/hadi-gmbh.net\/#website","url":"https:\/\/hadi-gmbh.net\/","name":"","description":"","potentialAction":[{"@type":"SearchAction","target":{"@type":"EntryPoint","urlTemplate":"https:\/\/hadi-gmbh.net\/?s={search_term_string}"},"query-input":"required name=search_term_string"}],"inLanguage":"de-DE"}]}},"_links":{"self":[{"href":"http:\/\/hadi-gmbh.net\/index.php\/wp-json\/wp\/v2\/pages\/233"}],"collection":[{"href":"http:\/\/hadi-gmbh.net\/index.php\/wp-json\/wp\/v2\/pages"}],"about":[{"href":"http:\/\/hadi-gmbh.net\/index.php\/wp-json\/wp\/v2\/types\/page"}],"author":[{"embeddable":true,"href":"http:\/\/hadi-gmbh.net\/index.php\/wp-json\/wp\/v2\/users\/1"}],"replies":[{"embeddable":true,"href":"http:\/\/hadi-gmbh.net\/index.php\/wp-json\/wp\/v2\/comments?post=233"}],"version-history":[{"count":4,"href":"http:\/\/hadi-gmbh.net\/index.php\/wp-json\/wp\/v2\/pages\/233\/revisions"}],"predecessor-version":[{"id":453,"href":"http:\/\/hadi-gmbh.net\/index.php\/wp-json\/wp\/v2\/pages\/233\/revisions\/453"}],"wp:attachment":[{"href":"http:\/\/hadi-gmbh.net\/index.php\/wp-json\/wp\/v2\/media?parent=233"}],"curies":[{"name":"wp","href":"https:\/\/api.w.org\/{rel}","templated":true}]}}